{"id":12218,"date":"2026-04-17T19:40:52","date_gmt":"2026-04-18T01:40:52","guid":{"rendered":"https:\/\/imperiumjalisco.com\/?post_type=product&#038;p=12218"},"modified":"2026-04-17T19:40:52","modified_gmt":"2026-04-18T01:40:52","slug":"yara-set-2-en-1-perfume-100ml-x-2","status":"publish","type":"product","link":"https:\/\/imperiumjalisco.com\/index.php\/product\/yara-set-2-en-1-perfume-100ml-x-2\/","title":{"rendered":"Yara set 2 en 1 perfume 100ML X 2."},"content":{"rendered":"","protected":false},"excerpt":{"rendered":"<p>\u03a9\u00a0Envi\u00f3 gratis a partir de $1500 pesos.<\/p>\n<p>Set de 2 fragancias.<\/p>\n<p>&nbsp;<\/p>\n<ul class=\"a-unordered-list a-vertical a-spacing-mini\">\n<li class=\"a-spacing-mini\"><span class=\"a-list-item\">Yara Candy \u2013 Brillante y Juguetona: Caramelos de mandarina verde, grosella negra y fresa burbujeante sobre una base de s\u00e1ndalo, jarabe de vainilla, almizcle y \u00e1mbar\u2014adorablemente dulce y que atrapa cumplidos.<\/span><\/li>\n<li class=\"a-spacing-mini\"><span class=\"a-list-item\">Yara original \u2013 Sofisticaci\u00f3n floral afrutada: mandarina, heliotropo, orqu\u00eddea que da lugar a frutas tropicales y coraz\u00f3n gourmand, terminando en vainilla reconfortante, s\u00e1ndalo y almizcle\u2014vers\u00e1tiles y elegantes.<\/span><\/li>\n<\/ul>\n","protected":false},"featured_media":12219,"comment_status":"open","ping_status":"closed","template":"","meta":[],"product_brand":[],"product_cat":[297,324,319,320],"product_tag":[],"class_list":{"0":"post-12218","1":"product","2":"type-product","3":"status-publish","4":"has-post-thumbnail","6":"product_cat-dama","7":"product_cat-lataffa","8":"product_cat-perfume-de-linea","9":"product_cat-perfumes-orientales","11":"first","12":"instock","13":"sale","14":"shipping-taxable","15":"purchasable","16":"product-type-simple","17":"add-to-wishlist-after_add_to_cart"},"group_of_quantity":0,"min_quantity":0,"max_quantity":"","exclude_order_quantity_value_rules":"no","exclude_category_quantity_rules":"no","combine_variations":"no","_links":{"self":[{"href":"https:\/\/imperiumjalisco.com\/index.php\/wp-json\/wp\/v2\/product\/12218","targetHints":{"allow":["GET"]}}],"collection":[{"href":"https:\/\/imperiumjalisco.com\/index.php\/wp-json\/wp\/v2\/product"}],"about":[{"href":"https:\/\/imperiumjalisco.com\/index.php\/wp-json\/wp\/v2\/types\/product"}],"replies":[{"embeddable":true,"href":"https:\/\/imperiumjalisco.com\/index.php\/wp-json\/wp\/v2\/comments?post=12218"}],"wp:featuredmedia":[{"embeddable":true,"href":"https:\/\/imperiumjalisco.com\/index.php\/wp-json\/wp\/v2\/media\/12219"}],"wp:attachment":[{"href":"https:\/\/imperiumjalisco.com\/index.php\/wp-json\/wp\/v2\/media?parent=12218"}],"wp:term":[{"taxonomy":"product_brand","embeddable":true,"href":"https:\/\/imperiumjalisco.com\/index.php\/wp-json\/wp\/v2\/product_brand?post=12218"},{"taxonomy":"product_cat","embeddable":true,"href":"https:\/\/imperiumjalisco.com\/index.php\/wp-json\/wp\/v2\/product_cat?post=12218"},{"taxonomy":"product_tag","embeddable":true,"href":"https:\/\/imperiumjalisco.com\/index.php\/wp-json\/wp\/v2\/product_tag?post=12218"}],"curies":[{"name":"wp","href":"https:\/\/api.w.org\/{rel}","templated":true}]}}