{"id":12200,"date":"2026-02-17T20:39:51","date_gmt":"2026-02-18T02:39:51","guid":{"rendered":"https:\/\/imperiumjalisco.com\/?post_type=product&#038;p=12200"},"modified":"2026-02-23T14:12:03","modified_gmt":"2026-02-23T20:12:03","slug":"blue-stallion-53-perfume-emper-100-plus-20-ml","status":"publish","type":"product","link":"https:\/\/imperiumjalisco.com\/index.php\/product\/blue-stallion-53-perfume-emper-100-plus-20-ml\/","title":{"rendered":"Blue Stallion 53 Perfume Emper 100 Plus 20 ml"},"content":{"rendered":"","protected":false},"excerpt":{"rendered":"<p><span style=\"color: #0000ff;\">\u03a9<\/span>\u00a0Envi\u00f3 gratis a partir de $1500 pesos.<\/p>\n<p>Es una fragancia que combina notas c\u00edtricas, frutales y a maderadas ideal para climas calurosos y salidas de toda ocasi\u00f3n. elegante para cualquier ocasi\u00f3n, una mezcla de Bleu con el arte del universo que te fascinara.<\/p>\n<p>&nbsp;<\/p>\n","protected":false},"featured_media":12201,"comment_status":"open","ping_status":"closed","template":"","meta":[],"product_brand":[],"product_cat":[298,326,316],"product_tag":[],"class_list":{"0":"post-12200","1":"product","2":"type-product","3":"status-publish","4":"has-post-thumbnail","6":"product_cat-caballero","7":"product_cat-emper","8":"product_cat-stallion-53","10":"first","11":"instock","12":"sale","13":"shipping-taxable","14":"purchasable","15":"product-type-simple","16":"add-to-wishlist-after_add_to_cart"},"group_of_quantity":0,"min_quantity":0,"max_quantity":"","exclude_order_quantity_value_rules":"no","exclude_category_quantity_rules":"no","combine_variations":"no","_links":{"self":[{"href":"https:\/\/imperiumjalisco.com\/index.php\/wp-json\/wp\/v2\/product\/12200","targetHints":{"allow":["GET"]}}],"collection":[{"href":"https:\/\/imperiumjalisco.com\/index.php\/wp-json\/wp\/v2\/product"}],"about":[{"href":"https:\/\/imperiumjalisco.com\/index.php\/wp-json\/wp\/v2\/types\/product"}],"replies":[{"embeddable":true,"href":"https:\/\/imperiumjalisco.com\/index.php\/wp-json\/wp\/v2\/comments?post=12200"}],"wp:featuredmedia":[{"embeddable":true,"href":"https:\/\/imperiumjalisco.com\/index.php\/wp-json\/wp\/v2\/media\/12201"}],"wp:attachment":[{"href":"https:\/\/imperiumjalisco.com\/index.php\/wp-json\/wp\/v2\/media?parent=12200"}],"wp:term":[{"taxonomy":"product_brand","embeddable":true,"href":"https:\/\/imperiumjalisco.com\/index.php\/wp-json\/wp\/v2\/product_brand?post=12200"},{"taxonomy":"product_cat","embeddable":true,"href":"https:\/\/imperiumjalisco.com\/index.php\/wp-json\/wp\/v2\/product_cat?post=12200"},{"taxonomy":"product_tag","embeddable":true,"href":"https:\/\/imperiumjalisco.com\/index.php\/wp-json\/wp\/v2\/product_tag?post=12200"}],"curies":[{"name":"wp","href":"https:\/\/api.w.org\/{rel}","templated":true}]}}