{"id":12185,"date":"2026-02-11T20:27:48","date_gmt":"2026-02-12T02:27:48","guid":{"rendered":"https:\/\/imperiumjalisco.com\/?post_type=product&#038;p=12185"},"modified":"2026-02-11T20:28:33","modified_gmt":"2026-02-12T02:28:33","slug":"captcha-36-emper-100ml","status":"publish","type":"product","link":"https:\/\/imperiumjalisco.com\/index.php\/product\/captcha-36-emper-100ml\/","title":{"rendered":"Captcha 36 Emper 100ML"},"content":{"rendered":"","protected":false},"excerpt":{"rendered":"<p><span style=\"color: #008000;\">\u03a9<\/span>\u00a0Envi\u00f3 gratis a partir de $1500 pesos.<\/p>\n<p>Capcha 36: es mucho m\u00e1s que un aroma para nosotros. Es un momento de introspecci\u00f3n, un momento a solas que ofrece una silenciosa celebraci\u00f3n interior de gracia y una belleza llena de alma. Un simple respiro nos aleja del murmullo del exterior y nos devuelve al \u201cinterior\u201d.<\/p>\n","protected":false},"featured_media":12187,"comment_status":"open","ping_status":"closed","template":"","meta":[],"product_brand":[],"product_cat":[298,326,299],"product_tag":[],"class_list":{"0":"post-12185","1":"product","2":"type-product","3":"status-publish","4":"has-post-thumbnail","6":"product_cat-caballero","7":"product_cat-emper","8":"product_cat-unisex","10":"first","11":"instock","12":"sale","13":"shipping-taxable","14":"purchasable","15":"product-type-simple","16":"add-to-wishlist-after_add_to_cart"},"group_of_quantity":0,"min_quantity":0,"max_quantity":"","exclude_order_quantity_value_rules":"no","exclude_category_quantity_rules":"no","combine_variations":"no","_links":{"self":[{"href":"https:\/\/imperiumjalisco.com\/index.php\/wp-json\/wp\/v2\/product\/12185","targetHints":{"allow":["GET"]}}],"collection":[{"href":"https:\/\/imperiumjalisco.com\/index.php\/wp-json\/wp\/v2\/product"}],"about":[{"href":"https:\/\/imperiumjalisco.com\/index.php\/wp-json\/wp\/v2\/types\/product"}],"replies":[{"embeddable":true,"href":"https:\/\/imperiumjalisco.com\/index.php\/wp-json\/wp\/v2\/comments?post=12185"}],"wp:featuredmedia":[{"embeddable":true,"href":"https:\/\/imperiumjalisco.com\/index.php\/wp-json\/wp\/v2\/media\/12187"}],"wp:attachment":[{"href":"https:\/\/imperiumjalisco.com\/index.php\/wp-json\/wp\/v2\/media?parent=12185"}],"wp:term":[{"taxonomy":"product_brand","embeddable":true,"href":"https:\/\/imperiumjalisco.com\/index.php\/wp-json\/wp\/v2\/product_brand?post=12185"},{"taxonomy":"product_cat","embeddable":true,"href":"https:\/\/imperiumjalisco.com\/index.php\/wp-json\/wp\/v2\/product_cat?post=12185"},{"taxonomy":"product_tag","embeddable":true,"href":"https:\/\/imperiumjalisco.com\/index.php\/wp-json\/wp\/v2\/product_tag?post=12185"}],"curies":[{"name":"wp","href":"https:\/\/api.w.org\/{rel}","templated":true}]}}