{"id":12167,"date":"2026-02-03T17:39:51","date_gmt":"2026-02-03T23:39:51","guid":{"rendered":"https:\/\/imperiumjalisco.com\/?post_type=product&#038;p=12167"},"modified":"2026-02-03T17:39:51","modified_gmt":"2026-02-03T23:39:51","slug":"yara-collection-set-de-regalo-para-mujer-4x25-ml","status":"publish","type":"product","link":"https:\/\/imperiumjalisco.com\/index.php\/product\/yara-collection-set-de-regalo-para-mujer-4x25-ml\/","title":{"rendered":"Yara Collection set de regalo para mujer 4\u00d725 ml"},"content":{"rendered":"","protected":false},"excerpt":{"rendered":"<p><span style=\"color: #ff99cc;\">\u03a9<\/span>\u00a0Envi\u00f3 gratis a partir de $1500 pesos.<\/p>\n<p>Set de 4 fragancias.<\/p>\n<ul class=\"a-unordered-list a-vertical a-spacing-mini\">\n<li class=\"a-spacing-mini\"><span class=\"a-list-item\">Cuatro fragancias distintas, una colecci\u00f3n: Incluye botellas de 25 ml de Yara Candy, Yara Tous, Yara Moi y Original Yara \u2014 perfectas para probar diferentes estados de \u00e1nimo o regalar.<\/span><\/li>\n<li class=\"a-spacing-mini\"><span class=\"a-list-item\">Yara Candy \u2013 Brillante y Juguetona: Caramelos de mandarina verde, grosella negra y fresa burbujeante sobre una base de s\u00e1ndalo, jarabe de vainilla, almizcle y \u00e1mbar\u2014adorablemente dulce y que atrapa cumplidos.<\/span><\/li>\n<li class=\"a-spacing-mini\"><span class=\"a-list-item\">Yara Tous \u2013 Delicia floral tropical: Explosi\u00f3n de coco, mango, maracuy\u00e1 con coraz\u00f3n de jazm\u00edn, heliotropo, flor de azahar, suavizada por cachemera, vainilla y almizcle\u2014vibraciones vacacionales en un chorrito.<\/span><\/li>\n<li class=\"a-spacing-mini\"><span class=\"a-list-item\">Yara Moi \u2013 Cremoso y C\u00e1lido: Pera, pimienta rosa, grosella negra se mezclan con tuberosa, jazm\u00edn, almendra, con base de vainilla, pachul\u00ed y cachemera\u2014acogedor y gourmand, elogiado por su car\u00e1cter melocotonero y crema.<\/span><\/li>\n<li class=\"a-spacing-mini\"><span class=\"a-list-item\">Yara original \u2013 Sofisticaci\u00f3n floral afrutada: mandarina, heliotropo, orqu\u00eddea que da lugar a frutas tropicales y coraz\u00f3n gourmand, terminando en vainilla reconfortante, s\u00e1ndalo y almizcle\u2014vers\u00e1tiles y elegantes.<\/span><\/li>\n<\/ul>\n","protected":false},"featured_media":12168,"comment_status":"open","ping_status":"closed","template":"","meta":[],"product_brand":[],"product_cat":[297,324,319,318],"product_tag":[],"class_list":{"0":"post-12167","1":"product","2":"type-product","3":"status-publish","4":"has-post-thumbnail","6":"product_cat-dama","7":"product_cat-lataffa","8":"product_cat-perfume-de-linea","9":"product_cat-sets","11":"first","12":"instock","13":"sale","14":"shipping-taxable","15":"purchasable","16":"product-type-simple","17":"add-to-wishlist-after_add_to_cart"},"group_of_quantity":0,"min_quantity":0,"max_quantity":"","exclude_order_quantity_value_rules":"no","exclude_category_quantity_rules":"no","combine_variations":"no","_links":{"self":[{"href":"https:\/\/imperiumjalisco.com\/index.php\/wp-json\/wp\/v2\/product\/12167","targetHints":{"allow":["GET"]}}],"collection":[{"href":"https:\/\/imperiumjalisco.com\/index.php\/wp-json\/wp\/v2\/product"}],"about":[{"href":"https:\/\/imperiumjalisco.com\/index.php\/wp-json\/wp\/v2\/types\/product"}],"replies":[{"embeddable":true,"href":"https:\/\/imperiumjalisco.com\/index.php\/wp-json\/wp\/v2\/comments?post=12167"}],"wp:featuredmedia":[{"embeddable":true,"href":"https:\/\/imperiumjalisco.com\/index.php\/wp-json\/wp\/v2\/media\/12168"}],"wp:attachment":[{"href":"https:\/\/imperiumjalisco.com\/index.php\/wp-json\/wp\/v2\/media?parent=12167"}],"wp:term":[{"taxonomy":"product_brand","embeddable":true,"href":"https:\/\/imperiumjalisco.com\/index.php\/wp-json\/wp\/v2\/product_brand?post=12167"},{"taxonomy":"product_cat","embeddable":true,"href":"https:\/\/imperiumjalisco.com\/index.php\/wp-json\/wp\/v2\/product_cat?post=12167"},{"taxonomy":"product_tag","embeddable":true,"href":"https:\/\/imperiumjalisco.com\/index.php\/wp-json\/wp\/v2\/product_tag?post=12167"}],"curies":[{"name":"wp","href":"https:\/\/api.w.org\/{rel}","templated":true}]}}