{"id":12161,"date":"2025-12-20T10:21:34","date_gmt":"2025-12-20T16:21:34","guid":{"rendered":"https:\/\/imperiumjalisco.com\/?post_type=product&#038;p=12161"},"modified":"2025-12-20T14:54:44","modified_gmt":"2025-12-20T20:54:44","slug":"places-of-new-york","status":"publish","type":"product","link":"https:\/\/imperiumjalisco.com\/index.php\/product\/places-of-new-york\/","title":{"rendered":"Places Of New York"},"content":{"rendered":"","protected":false},"excerpt":{"rendered":"<p><span style=\"color: #666699;\">\u03a9<\/span> Envi\u00f3 gratis a partir de $1500 pesos.<\/p>\n<p data-start=\"110\" data-end=\"619\">Un viaje olfativo que captura la energ\u00eda vibrante de la Gran Manzana. Se abre con una explosi\u00f3n fresca y chispeante de casis, bergamota, naranja tangerina y pi\u00f1a, sazonada con un toque picante de pimienta rosa.<br data-start=\"391\" data-end=\"394\" \/>En el coraz\u00f3n, la elegancia floral del jazm\u00edn y la azucena se mezcla con la profundidad del pachul\u00ed.<br data-start=\"502\" data-end=\"505\" \/>Finalmente, un fondo envolvente de cuero, almizcle, vainilla y \u00e1mbar deja una estela sofisticada y adictiva.<\/p>\n<p data-start=\"621\" data-end=\"704\">Perfecto para quienes buscan una fragancia moderna, cosmopolita y con car\u00e1cter.<\/p>\n","protected":false},"featured_media":12162,"comment_status":"open","ping_status":"closed","template":"","meta":[],"product_brand":[],"product_cat":[298,326,302,320],"product_tag":[],"class_list":{"0":"post-12161","1":"product","2":"type-product","3":"status-publish","4":"has-post-thumbnail","6":"product_cat-caballero","7":"product_cat-emper","8":"product_cat-le-chameau","9":"product_cat-perfumes-orientales","11":"first","12":"instock","13":"sale","14":"shipping-taxable","15":"purchasable","16":"product-type-simple","17":"add-to-wishlist-after_add_to_cart"},"group_of_quantity":0,"min_quantity":0,"max_quantity":"","exclude_order_quantity_value_rules":"no","exclude_category_quantity_rules":"no","combine_variations":"no","_links":{"self":[{"href":"https:\/\/imperiumjalisco.com\/index.php\/wp-json\/wp\/v2\/product\/12161","targetHints":{"allow":["GET"]}}],"collection":[{"href":"https:\/\/imperiumjalisco.com\/index.php\/wp-json\/wp\/v2\/product"}],"about":[{"href":"https:\/\/imperiumjalisco.com\/index.php\/wp-json\/wp\/v2\/types\/product"}],"replies":[{"embeddable":true,"href":"https:\/\/imperiumjalisco.com\/index.php\/wp-json\/wp\/v2\/comments?post=12161"}],"wp:featuredmedia":[{"embeddable":true,"href":"https:\/\/imperiumjalisco.com\/index.php\/wp-json\/wp\/v2\/media\/12162"}],"wp:attachment":[{"href":"https:\/\/imperiumjalisco.com\/index.php\/wp-json\/wp\/v2\/media?parent=12161"}],"wp:term":[{"taxonomy":"product_brand","embeddable":true,"href":"https:\/\/imperiumjalisco.com\/index.php\/wp-json\/wp\/v2\/product_brand?post=12161"},{"taxonomy":"product_cat","embeddable":true,"href":"https:\/\/imperiumjalisco.com\/index.php\/wp-json\/wp\/v2\/product_cat?post=12161"},{"taxonomy":"product_tag","embeddable":true,"href":"https:\/\/imperiumjalisco.com\/index.php\/wp-json\/wp\/v2\/product_tag?post=12161"}],"curies":[{"name":"wp","href":"https:\/\/api.w.org\/{rel}","templated":true}]}}