{"id":12159,"date":"2025-12-20T09:20:25","date_gmt":"2025-12-20T15:20:25","guid":{"rendered":"https:\/\/imperiumjalisco.com\/?post_type=product&#038;p=12159"},"modified":"2025-12-20T09:20:44","modified_gmt":"2025-12-20T15:20:44","slug":"oud-glorious","status":"publish","type":"product","link":"https:\/\/imperiumjalisco.com\/index.php\/product\/oud-glorious\/","title":{"rendered":"Oud Glorious"},"content":{"rendered":"","protected":false},"excerpt":{"rendered":"<p><span style=\"color: #003366;\">\u03a9\u00a0<\/span>Envi\u00f3 gratis a partir de $1500 pesos.<\/p>\n<p><span class=\"Y2IQFc\" lang=\"es\">Un rico tapiz de frutas y flores ex\u00f3ticas, intensificado con oud ahumado y pachul\u00ed, que se despliega en un c\u00e1lido abrazo de cuero, \u00e1mbar y vainilla. Oud maracuy\u00e1.<\/span><\/p>\n","protected":false},"featured_media":12160,"comment_status":"open","ping_status":"closed","template":"","meta":[],"product_brand":[],"product_cat":[298,326,320],"product_tag":[],"class_list":{"0":"post-12159","1":"product","2":"type-product","3":"status-publish","4":"has-post-thumbnail","6":"product_cat-caballero","7":"product_cat-emper","8":"product_cat-perfumes-orientales","10":"first","11":"instock","12":"sale","13":"shipping-taxable","14":"purchasable","15":"product-type-simple","16":"add-to-wishlist-after_add_to_cart"},"group_of_quantity":0,"min_quantity":0,"max_quantity":"","exclude_order_quantity_value_rules":"no","exclude_category_quantity_rules":"no","combine_variations":"no","_links":{"self":[{"href":"https:\/\/imperiumjalisco.com\/index.php\/wp-json\/wp\/v2\/product\/12159","targetHints":{"allow":["GET"]}}],"collection":[{"href":"https:\/\/imperiumjalisco.com\/index.php\/wp-json\/wp\/v2\/product"}],"about":[{"href":"https:\/\/imperiumjalisco.com\/index.php\/wp-json\/wp\/v2\/types\/product"}],"replies":[{"embeddable":true,"href":"https:\/\/imperiumjalisco.com\/index.php\/wp-json\/wp\/v2\/comments?post=12159"}],"wp:featuredmedia":[{"embeddable":true,"href":"https:\/\/imperiumjalisco.com\/index.php\/wp-json\/wp\/v2\/media\/12160"}],"wp:attachment":[{"href":"https:\/\/imperiumjalisco.com\/index.php\/wp-json\/wp\/v2\/media?parent=12159"}],"wp:term":[{"taxonomy":"product_brand","embeddable":true,"href":"https:\/\/imperiumjalisco.com\/index.php\/wp-json\/wp\/v2\/product_brand?post=12159"},{"taxonomy":"product_cat","embeddable":true,"href":"https:\/\/imperiumjalisco.com\/index.php\/wp-json\/wp\/v2\/product_cat?post=12159"},{"taxonomy":"product_tag","embeddable":true,"href":"https:\/\/imperiumjalisco.com\/index.php\/wp-json\/wp\/v2\/product_tag?post=12159"}],"curies":[{"name":"wp","href":"https:\/\/api.w.org\/{rel}","templated":true}]}}