{"id":12157,"date":"2025-12-20T09:14:43","date_gmt":"2025-12-20T15:14:43","guid":{"rendered":"https:\/\/imperiumjalisco.com\/?post_type=product&#038;p=12157"},"modified":"2025-12-20T09:14:57","modified_gmt":"2025-12-20T15:14:57","slug":"toffee-coffee","status":"publish","type":"product","link":"https:\/\/imperiumjalisco.com\/index.php\/product\/toffee-coffee\/","title":{"rendered":"Toffee Coffee"},"content":{"rendered":"","protected":false},"excerpt":{"rendered":"<p><span style=\"color: #993300;\">\u03a9\u00a0<\/span>Envi\u00f3 gratis a partir de $1500 pesos-<\/p>\n<p>Rico, c\u00e1lido y un poco adictivo. Suena como la hora dorada en tu caf\u00e9 favorito: atrevido, cremoso y con un toque sofisticado. Imagina que el caramelo dulce se derrite en un reconfortante tostado, con la actitud suficiente para mantener el inter\u00e9s. El caf\u00e9 con caramelo no solo huele bien, sino que se siente como si tuvieras la vida en orden. Acogedor, seguro de s\u00ed mismo e irresistiblemente suculento,<\/p>\n","protected":false},"featured_media":12158,"comment_status":"open","ping_status":"closed","template":"","meta":[],"product_brand":[],"product_cat":[321,298,297,320,299],"product_tag":[],"class_list":{"0":"post-12157","1":"product","2":"type-product","3":"status-publish","4":"has-post-thumbnail","6":"product_cat-armaf","7":"product_cat-caballero","8":"product_cat-dama","9":"product_cat-perfumes-orientales","10":"product_cat-unisex","12":"first","13":"instock","14":"sale","15":"shipping-taxable","16":"purchasable","17":"product-type-simple","18":"add-to-wishlist-after_add_to_cart"},"group_of_quantity":0,"min_quantity":0,"max_quantity":"","exclude_order_quantity_value_rules":"no","exclude_category_quantity_rules":"no","combine_variations":"no","_links":{"self":[{"href":"https:\/\/imperiumjalisco.com\/index.php\/wp-json\/wp\/v2\/product\/12157","targetHints":{"allow":["GET"]}}],"collection":[{"href":"https:\/\/imperiumjalisco.com\/index.php\/wp-json\/wp\/v2\/product"}],"about":[{"href":"https:\/\/imperiumjalisco.com\/index.php\/wp-json\/wp\/v2\/types\/product"}],"replies":[{"embeddable":true,"href":"https:\/\/imperiumjalisco.com\/index.php\/wp-json\/wp\/v2\/comments?post=12157"}],"wp:featuredmedia":[{"embeddable":true,"href":"https:\/\/imperiumjalisco.com\/index.php\/wp-json\/wp\/v2\/media\/12158"}],"wp:attachment":[{"href":"https:\/\/imperiumjalisco.com\/index.php\/wp-json\/wp\/v2\/media?parent=12157"}],"wp:term":[{"taxonomy":"product_brand","embeddable":true,"href":"https:\/\/imperiumjalisco.com\/index.php\/wp-json\/wp\/v2\/product_brand?post=12157"},{"taxonomy":"product_cat","embeddable":true,"href":"https:\/\/imperiumjalisco.com\/index.php\/wp-json\/wp\/v2\/product_cat?post=12157"},{"taxonomy":"product_tag","embeddable":true,"href":"https:\/\/imperiumjalisco.com\/index.php\/wp-json\/wp\/v2\/product_tag?post=12157"}],"curies":[{"name":"wp","href":"https:\/\/api.w.org\/{rel}","templated":true}]}}