{"id":12149,"date":"2025-12-20T02:09:23","date_gmt":"2025-12-20T08:09:23","guid":{"rendered":"https:\/\/imperiumjalisco.com\/?post_type=product&#038;p=12149"},"modified":"2025-12-20T02:10:22","modified_gmt":"2025-12-20T08:10:22","slug":"mastermind-pour-homme-red","status":"publish","type":"product","link":"https:\/\/imperiumjalisco.com\/index.php\/product\/mastermind-pour-homme-red\/","title":{"rendered":"Mastermind Pour Homme Red"},"content":{"rendered":"","protected":false},"excerpt":{"rendered":"<p><span style=\"color: #ff0000;\">\u03a9<\/span> Envi\u00f3 gratis a partir de $1500 pesos.<\/p>\n<p>Desde el primer instante, una explosi\u00f3n fresca de\u00a0manzana,\u00a0lavanda\u00a0y\u00a0bergamota\u00a0despierta los sentidos con energ\u00eda vibrante. En su coraz\u00f3n, una combinaci\u00f3n inesperada de\u00a0sand\u00eda jugosa,\u00a0cedro elegante\u00a0y el toque herbal del\u00a0c\u00e1lamo arom\u00e1tico\u00a0aporta car\u00e1cter y sofisticaci\u00f3n. La base c\u00e1lida y duradera de\u00a0\u00e1mbar,\u00a0s\u00e1ndalo cremoso\u00a0y\u00a0pachul\u00ed terroso que cierra con fuerza, dejando una huella magn\u00e9tica y varonil<\/p>\n","protected":false},"featured_media":12150,"comment_status":"open","ping_status":"closed","template":"","meta":[],"product_brand":[],"product_cat":[298,326,320],"product_tag":[],"class_list":{"0":"post-12149","1":"product","2":"type-product","3":"status-publish","4":"has-post-thumbnail","6":"product_cat-caballero","7":"product_cat-emper","8":"product_cat-perfumes-orientales","10":"first","11":"instock","12":"sale","13":"shipping-taxable","14":"purchasable","15":"product-type-simple","16":"add-to-wishlist-after_add_to_cart"},"group_of_quantity":0,"min_quantity":0,"max_quantity":"","exclude_order_quantity_value_rules":"no","exclude_category_quantity_rules":"no","combine_variations":"no","_links":{"self":[{"href":"https:\/\/imperiumjalisco.com\/index.php\/wp-json\/wp\/v2\/product\/12149","targetHints":{"allow":["GET"]}}],"collection":[{"href":"https:\/\/imperiumjalisco.com\/index.php\/wp-json\/wp\/v2\/product"}],"about":[{"href":"https:\/\/imperiumjalisco.com\/index.php\/wp-json\/wp\/v2\/types\/product"}],"replies":[{"embeddable":true,"href":"https:\/\/imperiumjalisco.com\/index.php\/wp-json\/wp\/v2\/comments?post=12149"}],"wp:featuredmedia":[{"embeddable":true,"href":"https:\/\/imperiumjalisco.com\/index.php\/wp-json\/wp\/v2\/media\/12150"}],"wp:attachment":[{"href":"https:\/\/imperiumjalisco.com\/index.php\/wp-json\/wp\/v2\/media?parent=12149"}],"wp:term":[{"taxonomy":"product_brand","embeddable":true,"href":"https:\/\/imperiumjalisco.com\/index.php\/wp-json\/wp\/v2\/product_brand?post=12149"},{"taxonomy":"product_cat","embeddable":true,"href":"https:\/\/imperiumjalisco.com\/index.php\/wp-json\/wp\/v2\/product_cat?post=12149"},{"taxonomy":"product_tag","embeddable":true,"href":"https:\/\/imperiumjalisco.com\/index.php\/wp-json\/wp\/v2\/product_tag?post=12149"}],"curies":[{"name":"wp","href":"https:\/\/api.w.org\/{rel}","templated":true}]}}