{"id":12138,"date":"2025-12-20T01:18:10","date_gmt":"2025-12-20T07:18:10","guid":{"rendered":"https:\/\/imperiumjalisco.com\/?post_type=product&#038;p=12138"},"modified":"2025-12-23T17:58:19","modified_gmt":"2025-12-23T23:58:19","slug":"divine-elixir-perfume-hombre100-ml","status":"publish","type":"product","link":"https:\/\/imperiumjalisco.com\/index.php\/product\/divine-elixir-perfume-hombre100-ml\/","title":{"rendered":"Divine Elixir Perfume Hombre100 ml"},"content":{"rendered":"","protected":false},"excerpt":{"rendered":"<p><span style=\"color: #00ccff;\">\u03a9<\/span>\u00a0Envi\u00f3 gratis a partir de $1500<\/p>\n<p>Frescura, virilidad y elegancia. <b>r<\/b>inde homenaje a la inimitable elegancia de la masculinidad italiana. es toda una conmemoraci\u00f3n a la virilidad. Una fragancia foug\u00e8re fresca que desprende notas vigorizantes de c\u00edtricos y hierbas frescas calentadas por especias picantes y maderas ahumadas. Una elegancia discreta. El car\u00e1cter queda reflejado en un hombre varonil seguro de si mismo y exitoso.<\/p>\n","protected":false},"featured_media":12139,"comment_status":"open","ping_status":"closed","template":"","meta":[],"product_brand":[],"product_cat":[298,326,320],"product_tag":[],"class_list":{"0":"post-12138","1":"product","2":"type-product","3":"status-publish","4":"has-post-thumbnail","6":"product_cat-caballero","7":"product_cat-emper","8":"product_cat-perfumes-orientales","10":"first","11":"instock","12":"sale","13":"shipping-taxable","14":"purchasable","15":"product-type-simple","16":"add-to-wishlist-after_add_to_cart"},"group_of_quantity":0,"min_quantity":0,"max_quantity":"","exclude_order_quantity_value_rules":"no","exclude_category_quantity_rules":"no","combine_variations":"no","_links":{"self":[{"href":"https:\/\/imperiumjalisco.com\/index.php\/wp-json\/wp\/v2\/product\/12138","targetHints":{"allow":["GET"]}}],"collection":[{"href":"https:\/\/imperiumjalisco.com\/index.php\/wp-json\/wp\/v2\/product"}],"about":[{"href":"https:\/\/imperiumjalisco.com\/index.php\/wp-json\/wp\/v2\/types\/product"}],"replies":[{"embeddable":true,"href":"https:\/\/imperiumjalisco.com\/index.php\/wp-json\/wp\/v2\/comments?post=12138"}],"wp:featuredmedia":[{"embeddable":true,"href":"https:\/\/imperiumjalisco.com\/index.php\/wp-json\/wp\/v2\/media\/12139"}],"wp:attachment":[{"href":"https:\/\/imperiumjalisco.com\/index.php\/wp-json\/wp\/v2\/media?parent=12138"}],"wp:term":[{"taxonomy":"product_brand","embeddable":true,"href":"https:\/\/imperiumjalisco.com\/index.php\/wp-json\/wp\/v2\/product_brand?post=12138"},{"taxonomy":"product_cat","embeddable":true,"href":"https:\/\/imperiumjalisco.com\/index.php\/wp-json\/wp\/v2\/product_cat?post=12138"},{"taxonomy":"product_tag","embeddable":true,"href":"https:\/\/imperiumjalisco.com\/index.php\/wp-json\/wp\/v2\/product_tag?post=12138"}],"curies":[{"name":"wp","href":"https:\/\/api.w.org\/{rel}","templated":true}]}}