{"id":12103,"date":"2025-12-11T22:42:25","date_gmt":"2025-12-12T04:42:25","guid":{"rendered":"https:\/\/imperiumjalisco.com\/?post_type=product&#038;p=12103"},"modified":"2025-12-17T11:37:52","modified_gmt":"2025-12-17T17:37:52","slug":"pour-homme","status":"publish","type":"product","link":"https:\/\/imperiumjalisco.com\/index.php\/product\/pour-homme\/","title":{"rendered":"Pour Homme"},"content":{"rendered":"","protected":false},"excerpt":{"rendered":"<p><span style=\"color: #0000ff;\">\u03a9<\/span> Env\u00edo gratis a partir de 1500 pesos.<\/p>\n<p>Ideal para quien valora el estilo y busca un perfume que no solo sea una fragancia, sino una expresi\u00f3n de su personalidad. Perfecto para uso diario o para eventos especiales, este Eau de Parfum proporciona una presencia cautivadora que no pasa desapercibida. Con una durabilidad notable, su mezcla equilibrada de notas frescas, c\u00e1lidas y amaderadas se mantiene a lo largo del d\u00eda, manteni\u00e9ndote fresco y lleno de confianza.<\/p>\n","protected":false},"featured_media":12102,"comment_status":"open","ping_status":"closed","template":"","meta":[],"product_brand":[],"product_cat":[323,298,300],"product_tag":[],"class_list":{"0":"post-12103","1":"product","2":"type-product","3":"status-publish","4":"has-post-thumbnail","6":"product_cat-bharara","7":"product_cat-caballero","8":"product_cat-imperium","10":"first","11":"instock","12":"sale","13":"shipping-taxable","14":"purchasable","15":"product-type-simple","16":"add-to-wishlist-after_add_to_cart"},"group_of_quantity":0,"min_quantity":0,"max_quantity":"","exclude_order_quantity_value_rules":"no","exclude_category_quantity_rules":"no","combine_variations":"no","_links":{"self":[{"href":"https:\/\/imperiumjalisco.com\/index.php\/wp-json\/wp\/v2\/product\/12103","targetHints":{"allow":["GET"]}}],"collection":[{"href":"https:\/\/imperiumjalisco.com\/index.php\/wp-json\/wp\/v2\/product"}],"about":[{"href":"https:\/\/imperiumjalisco.com\/index.php\/wp-json\/wp\/v2\/types\/product"}],"replies":[{"embeddable":true,"href":"https:\/\/imperiumjalisco.com\/index.php\/wp-json\/wp\/v2\/comments?post=12103"}],"wp:featuredmedia":[{"embeddable":true,"href":"https:\/\/imperiumjalisco.com\/index.php\/wp-json\/wp\/v2\/media\/12102"}],"wp:attachment":[{"href":"https:\/\/imperiumjalisco.com\/index.php\/wp-json\/wp\/v2\/media?parent=12103"}],"wp:term":[{"taxonomy":"product_brand","embeddable":true,"href":"https:\/\/imperiumjalisco.com\/index.php\/wp-json\/wp\/v2\/product_brand?post=12103"},{"taxonomy":"product_cat","embeddable":true,"href":"https:\/\/imperiumjalisco.com\/index.php\/wp-json\/wp\/v2\/product_cat?post=12103"},{"taxonomy":"product_tag","embeddable":true,"href":"https:\/\/imperiumjalisco.com\/index.php\/wp-json\/wp\/v2\/product_tag?post=12103"}],"curies":[{"name":"wp","href":"https:\/\/api.w.org\/{rel}","templated":true}]}}