{"id":12039,"date":"2025-12-09T20:33:40","date_gmt":"2025-12-10T02:33:40","guid":{"rendered":"https:\/\/imperiumjalisco.com\/?post_type=product&#038;p=12039"},"modified":"2025-12-09T20:33:40","modified_gmt":"2025-12-10T02:33:40","slug":"beach-party","status":"publish","type":"product","link":"https:\/\/imperiumjalisco.com\/index.php\/product\/beach-party\/","title":{"rendered":"Beach party"},"content":{"rendered":"","protected":false},"excerpt":{"rendered":"<p><span style=\"color: #ff00ff;\"><span style=\"color: #ff6600;\">\u03a9<\/span>\u00a0<\/span>Envi\u00f3 gratis a partir de $1500 pesos.<\/p>\n<p><span data-sheets-root=\"1\"><strong>FIESTA EN LA PLAYA<\/strong> &#8211; Coge tus chanclas y disfruta de una explosi\u00f3n de frescura jugosa que se siente como lanzarte a una ola cristalina.\u00a0<\/span>Sol en la piel, sal en el pelo y m\u00fasica en el aire. Piensa en c\u00edtricos jugosos y un toque de magia marina, mezcl\u00e1ndose con flores frescas y un toque de calidez al atardecer. Es el tipo de aroma que te arrastra a aventuras espont\u00e1neas, risas nocturnas y libertad descalza. Es juguetona, fresca y llena de buena energ\u00eda, perfecta para donde te lleve el d\u00eda, desde orillas arenosas hasta noches estrelladas.<\/p>\n","protected":false},"featured_media":12040,"comment_status":"open","ping_status":"closed","template":"","meta":[],"product_brand":[],"product_cat":[321,298,297,300,320,299],"product_tag":[],"class_list":{"0":"post-12039","1":"product","2":"type-product","3":"status-publish","4":"has-post-thumbnail","6":"product_cat-armaf","7":"product_cat-caballero","8":"product_cat-dama","9":"product_cat-imperium","10":"product_cat-perfumes-orientales","11":"product_cat-unisex","13":"first","14":"instock","15":"sale","16":"shipping-taxable","17":"purchasable","18":"product-type-simple","19":"add-to-wishlist-after_add_to_cart"},"group_of_quantity":0,"min_quantity":0,"max_quantity":"","exclude_order_quantity_value_rules":"no","exclude_category_quantity_rules":"no","combine_variations":"no","_links":{"self":[{"href":"https:\/\/imperiumjalisco.com\/index.php\/wp-json\/wp\/v2\/product\/12039","targetHints":{"allow":["GET"]}}],"collection":[{"href":"https:\/\/imperiumjalisco.com\/index.php\/wp-json\/wp\/v2\/product"}],"about":[{"href":"https:\/\/imperiumjalisco.com\/index.php\/wp-json\/wp\/v2\/types\/product"}],"replies":[{"embeddable":true,"href":"https:\/\/imperiumjalisco.com\/index.php\/wp-json\/wp\/v2\/comments?post=12039"}],"wp:featuredmedia":[{"embeddable":true,"href":"https:\/\/imperiumjalisco.com\/index.php\/wp-json\/wp\/v2\/media\/12040"}],"wp:attachment":[{"href":"https:\/\/imperiumjalisco.com\/index.php\/wp-json\/wp\/v2\/media?parent=12039"}],"wp:term":[{"taxonomy":"product_brand","embeddable":true,"href":"https:\/\/imperiumjalisco.com\/index.php\/wp-json\/wp\/v2\/product_brand?post=12039"},{"taxonomy":"product_cat","embeddable":true,"href":"https:\/\/imperiumjalisco.com\/index.php\/wp-json\/wp\/v2\/product_cat?post=12039"},{"taxonomy":"product_tag","embeddable":true,"href":"https:\/\/imperiumjalisco.com\/index.php\/wp-json\/wp\/v2\/product_tag?post=12039"}],"curies":[{"name":"wp","href":"https:\/\/api.w.org\/{rel}","templated":true}]}}