{"id":11704,"date":"2025-07-11T14:21:52","date_gmt":"2025-07-11T20:21:52","guid":{"rendered":"https:\/\/emperjalisco.com\/?post_type=product&#038;p=11704"},"modified":"2025-12-18T19:24:06","modified_gmt":"2025-12-19T01:24:06","slug":"arabia-code-le-chemeau-100-ml","status":"publish","type":"product","link":"https:\/\/imperiumjalisco.com\/index.php\/product\/arabia-code-le-chemeau-100-ml\/","title":{"rendered":"Arabia Code Le Chemeau 100 ml"},"content":{"rendered":"","protected":false},"excerpt":{"rendered":"<p><span style=\"color: #00ccff;\">\u03a9<\/span> Envi\u00f3 gratis a partir de $1500 pesos.<\/p>\n<p>Arabia Code encapsula la refinada sofisticaci\u00f3n y el encanto atemporal de la perfumer\u00eda \u00e1rabe tradicional, con un toque moderno. Esta fragancia est\u00e1 dise\u00f1ada para el hombre exigente que aprecia el arte de las fragancias finas y desea un aroma que complemente su personalidad \u00fanica.<b> <\/b>E es m\u00e1s que una fragancia; es una expresi\u00f3n de herencia y modernidad, dise\u00f1ada para transmitir una sensaci\u00f3n de elegancia y misticismo. Ideal para cualquier ocasi\u00f3n, ya sea un evento formal o una salida informal, esta fragancia complementa a un hombre completo, con los pies en la tierra y aventurero. Deja que Arabia Code sea tu fragancia caracter\u00edstica, que encarna la esencia de la elegancia oriental con cada rociado.<\/p>\n","protected":false},"featured_media":11705,"comment_status":"open","ping_status":"closed","template":"","meta":[],"product_brand":[],"product_cat":[306,298,302],"product_tag":[],"class_list":{"0":"post-11704","1":"product","2":"type-product","3":"status-publish","4":"has-post-thumbnail","6":"product_cat-arabia","7":"product_cat-caballero","8":"product_cat-le-chameau","10":"first","11":"instock","12":"sale","13":"shipping-taxable","14":"purchasable","15":"product-type-simple","16":"add-to-wishlist-after_add_to_cart"},"group_of_quantity":0,"min_quantity":0,"max_quantity":"","exclude_order_quantity_value_rules":"no","exclude_category_quantity_rules":"no","combine_variations":"no","_links":{"self":[{"href":"https:\/\/imperiumjalisco.com\/index.php\/wp-json\/wp\/v2\/product\/11704","targetHints":{"allow":["GET"]}}],"collection":[{"href":"https:\/\/imperiumjalisco.com\/index.php\/wp-json\/wp\/v2\/product"}],"about":[{"href":"https:\/\/imperiumjalisco.com\/index.php\/wp-json\/wp\/v2\/types\/product"}],"replies":[{"embeddable":true,"href":"https:\/\/imperiumjalisco.com\/index.php\/wp-json\/wp\/v2\/comments?post=11704"}],"wp:featuredmedia":[{"embeddable":true,"href":"https:\/\/imperiumjalisco.com\/index.php\/wp-json\/wp\/v2\/media\/11705"}],"wp:attachment":[{"href":"https:\/\/imperiumjalisco.com\/index.php\/wp-json\/wp\/v2\/media?parent=11704"}],"wp:term":[{"taxonomy":"product_brand","embeddable":true,"href":"https:\/\/imperiumjalisco.com\/index.php\/wp-json\/wp\/v2\/product_brand?post=11704"},{"taxonomy":"product_cat","embeddable":true,"href":"https:\/\/imperiumjalisco.com\/index.php\/wp-json\/wp\/v2\/product_cat?post=11704"},{"taxonomy":"product_tag","embeddable":true,"href":"https:\/\/imperiumjalisco.com\/index.php\/wp-json\/wp\/v2\/product_tag?post=11704"}],"curies":[{"name":"wp","href":"https:\/\/api.w.org\/{rel}","templated":true}]}}