{"id":11676,"date":"2025-07-05T20:43:14","date_gmt":"2025-07-06T02:43:14","guid":{"rendered":"https:\/\/emperjalisco.com\/?post_type=product&#038;p=11676"},"modified":"2026-02-03T17:20:28","modified_gmt":"2026-02-03T23:20:28","slug":"stallion-53-gift-set-4-en-1-perfume-100ml-decant-15ml-limpiador-facial-75ml-y-gel-de-ducha-75ml","status":"publish","type":"product","link":"https:\/\/imperiumjalisco.com\/index.php\/product\/stallion-53-gift-set-4-en-1-perfume-100ml-decant-15ml-limpiador-facial-75ml-y-gel-de-ducha-75ml\/","title":{"rendered":"Stallion 53 Gift Set 4 en 1 Perfume 100ml Decant 15ml Limpiador facial 75ml y Gel de Ducha 75ml"},"content":{"rendered":"","protected":false},"excerpt":{"rendered":"<p><span style=\"color: #00ccff;\">\u03a9<\/span>\u00a0Envi\u00f3 gratis a partir de $1500 pesos.<\/p>\n<p>Con una sensaci\u00f3n leve de cardamomo, el iris y la violeta; reforzado por las notas amaderadas y c\u00e1lidas, STALLION 53 tiene una esencia energizante que resulta el aroma acertado para aquellos hombres y mujeres que busquen ralentizar el tiempo ante el ritmo fren\u00e9tico y a la vez reconfortante de sus vidas. Ahora con la plenitud de llevar tu aroma favorito a tu vida diaria con el gel de ducha y el limpiador facial har\u00e1 tu d\u00eda a d\u00eda, m\u00e1s placentero y renovado<\/p>\n","protected":false},"featured_media":11677,"comment_status":"open","ping_status":"closed","template":"","meta":[],"product_brand":[],"product_cat":[298,297,300,320,318,315,316,299],"product_tag":[],"class_list":{"0":"post-11676","1":"product","2":"type-product","3":"status-publish","4":"has-post-thumbnail","6":"product_cat-caballero","7":"product_cat-dama","8":"product_cat-imperium","9":"product_cat-perfumes-orientales","10":"product_cat-sets","11":"product_cat-stallion","12":"product_cat-stallion-53","13":"product_cat-unisex","15":"first","16":"instock","17":"sale","18":"shipping-taxable","19":"purchasable","20":"product-type-simple","21":"add-to-wishlist-after_add_to_cart"},"group_of_quantity":0,"min_quantity":0,"max_quantity":"","exclude_order_quantity_value_rules":"no","exclude_category_quantity_rules":"no","combine_variations":"no","_links":{"self":[{"href":"https:\/\/imperiumjalisco.com\/index.php\/wp-json\/wp\/v2\/product\/11676","targetHints":{"allow":["GET"]}}],"collection":[{"href":"https:\/\/imperiumjalisco.com\/index.php\/wp-json\/wp\/v2\/product"}],"about":[{"href":"https:\/\/imperiumjalisco.com\/index.php\/wp-json\/wp\/v2\/types\/product"}],"replies":[{"embeddable":true,"href":"https:\/\/imperiumjalisco.com\/index.php\/wp-json\/wp\/v2\/comments?post=11676"}],"wp:featuredmedia":[{"embeddable":true,"href":"https:\/\/imperiumjalisco.com\/index.php\/wp-json\/wp\/v2\/media\/11677"}],"wp:attachment":[{"href":"https:\/\/imperiumjalisco.com\/index.php\/wp-json\/wp\/v2\/media?parent=11676"}],"wp:term":[{"taxonomy":"product_brand","embeddable":true,"href":"https:\/\/imperiumjalisco.com\/index.php\/wp-json\/wp\/v2\/product_brand?post=11676"},{"taxonomy":"product_cat","embeddable":true,"href":"https:\/\/imperiumjalisco.com\/index.php\/wp-json\/wp\/v2\/product_cat?post=11676"},{"taxonomy":"product_tag","embeddable":true,"href":"https:\/\/imperiumjalisco.com\/index.php\/wp-json\/wp\/v2\/product_tag?post=11676"}],"curies":[{"name":"wp","href":"https:\/\/api.w.org\/{rel}","templated":true}]}}