{"id":11673,"date":"2025-07-05T20:11:46","date_gmt":"2025-07-06T02:11:46","guid":{"rendered":"https:\/\/emperjalisco.com\/?post_type=product&#038;p=11673"},"modified":"2025-12-10T17:10:19","modified_gmt":"2025-12-10T23:10:19","slug":"traveler-set-ii-deluxe-porta-decant-emper-15ml","status":"publish","type":"product","link":"https:\/\/imperiumjalisco.com\/index.php\/product\/traveler-set-ii-deluxe-porta-decant-emper-15ml\/","title":{"rendered":"Traveler Set II Deluxe porta Decant Emper 4X15ml"},"content":{"rendered":"","protected":false},"excerpt":{"rendered":"<p>\u03a9\u00a0Envi\u00f3 gratis a partir de $1500 pesos.<\/p>\n<p><strong>Stallion 53:<\/strong> Una sensaci\u00f3n leve de cardamomo, el iris y la violeta; reforzado por las notas amaderadas y c\u00e1lidas, STALLION 53 tiene una esencia energizante que resulta el aroma acertado para aquellos hombres y mujeres que busquen ralentizar el tiempo ante el ritmo fren\u00e9tico y a la vez reconfortante de sus vidas.<\/p>\n<p><strong>Intimation:<\/strong> El aroma seductor de la imaginaci\u00f3n. fragancia emblem\u00e1tica ambarina mezcla a la perfecci\u00f3n las notas c\u00edtricas con la sidra y sus componentes de calidad mundial como el neroli de T\u00fanez el jengibre nigeriano, la naranja siciliana, canela de Ceyl\u00e1n son solo algunos de los ingredientes que hacen emblem\u00e1tica esta fragancia que te har\u00e1 crear tu propio entorno a la imaginaci\u00f3n.<\/p>\n<p><strong>Heavenly fragance art of kamil:<\/strong> Es una fragancia vers\u00e1til que se adapta a cualquier ocasi\u00f3n, dise\u00f1ada para quienes buscan una experiencia olfativa \u00fanica. fragancia elegante creada con absoluta elegancia y presencia se hace notar ante cualquier etapa del dia. dise\u00f1ada para los hombres con una personalidad sobria y elegante. Absolutamente magistral.<\/p>\n<p><strong>Phantom my hero:<\/strong> Perfume enigm\u00e1tico, un aroma que te envuelve con sus notas alicoradas, un aroma con una amplia selecci\u00f3n de granos de caf\u00e9 de primera calidad y esa sensaci\u00f3n gourmand que te da la ca\u00f1a de az\u00facar y el chocolate amargo se mezclan perfectamente con el s\u00e1ndalo d\u00e1ndote esa sensaci\u00f3n de poder y liderazgo.<\/p>\n","protected":false},"featured_media":11674,"comment_status":"open","ping_status":"closed","template":"","meta":[],"product_brand":[],"product_cat":[298,308,300,318],"product_tag":[],"class_list":{"0":"post-11673","1":"product","2":"type-product","3":"status-publish","4":"has-post-thumbnail","6":"product_cat-caballero","7":"product_cat-decants","8":"product_cat-imperium","9":"product_cat-sets","11":"first","12":"instock","13":"sale","14":"shipping-taxable","15":"purchasable","16":"product-type-simple","17":"add-to-wishlist-after_add_to_cart"},"group_of_quantity":0,"min_quantity":0,"max_quantity":"","exclude_order_quantity_value_rules":"no","exclude_category_quantity_rules":"no","combine_variations":"no","_links":{"self":[{"href":"https:\/\/imperiumjalisco.com\/index.php\/wp-json\/wp\/v2\/product\/11673","targetHints":{"allow":["GET"]}}],"collection":[{"href":"https:\/\/imperiumjalisco.com\/index.php\/wp-json\/wp\/v2\/product"}],"about":[{"href":"https:\/\/imperiumjalisco.com\/index.php\/wp-json\/wp\/v2\/types\/product"}],"replies":[{"embeddable":true,"href":"https:\/\/imperiumjalisco.com\/index.php\/wp-json\/wp\/v2\/comments?post=11673"}],"wp:featuredmedia":[{"embeddable":true,"href":"https:\/\/imperiumjalisco.com\/index.php\/wp-json\/wp\/v2\/media\/11674"}],"wp:attachment":[{"href":"https:\/\/imperiumjalisco.com\/index.php\/wp-json\/wp\/v2\/media?parent=11673"}],"wp:term":[{"taxonomy":"product_brand","embeddable":true,"href":"https:\/\/imperiumjalisco.com\/index.php\/wp-json\/wp\/v2\/product_brand?post=11673"},{"taxonomy":"product_cat","embeddable":true,"href":"https:\/\/imperiumjalisco.com\/index.php\/wp-json\/wp\/v2\/product_cat?post=11673"},{"taxonomy":"product_tag","embeddable":true,"href":"https:\/\/imperiumjalisco.com\/index.php\/wp-json\/wp\/v2\/product_tag?post=11673"}],"curies":[{"name":"wp","href":"https:\/\/api.w.org\/{rel}","templated":true}]}}