{"id":11665,"date":"2025-07-05T19:33:29","date_gmt":"2025-07-06T01:33:29","guid":{"rendered":"https:\/\/emperjalisco.com\/?post_type=product&#038;p=11665"},"modified":"2025-07-05T19:33:29","modified_gmt":"2025-07-06T01:33:29","slug":"mouj-intimate-milestone-100-ml","status":"publish","type":"product","link":"https:\/\/imperiumjalisco.com\/index.php\/product\/mouj-intimate-milestone-100-ml\/","title":{"rendered":"Mouj Intimate Milestone 100 ml"},"content":{"rendered":"","protected":false},"excerpt":{"rendered":"<p><span style=\"color: #00ccff;\">\u03a9<\/span>\u00a0Envi\u00f3 gratis a partir de $1500 pesos.<\/p>\n<p>Una incre\u00edble bomba de especias del Medio Oriente que te transporta a un palacio real lleno de las notas arom\u00e1ticas m\u00e1s sofisticadas. Su fragancia \u00fanica la convierte en una pieza de perfumer\u00eda contempor\u00e1nea que s\u00f3lo podr\u00eda describirse como incre\u00edblemente audaz y \u00fanica.<\/p>\n","protected":false},"featured_media":11666,"comment_status":"open","ping_status":"closed","template":"","meta":[],"product_brand":[],"product_cat":[298,305],"product_tag":[],"class_list":{"0":"post-11665","1":"product","2":"type-product","3":"status-publish","4":"has-post-thumbnail","6":"product_cat-caballero","7":"product_cat-milestone","9":"first","10":"instock","11":"sale","12":"shipping-taxable","13":"purchasable","14":"product-type-simple","15":"add-to-wishlist-after_add_to_cart"},"group_of_quantity":0,"min_quantity":0,"max_quantity":"","exclude_order_quantity_value_rules":"no","exclude_category_quantity_rules":"no","combine_variations":"no","_links":{"self":[{"href":"https:\/\/imperiumjalisco.com\/index.php\/wp-json\/wp\/v2\/product\/11665","targetHints":{"allow":["GET"]}}],"collection":[{"href":"https:\/\/imperiumjalisco.com\/index.php\/wp-json\/wp\/v2\/product"}],"about":[{"href":"https:\/\/imperiumjalisco.com\/index.php\/wp-json\/wp\/v2\/types\/product"}],"replies":[{"embeddable":true,"href":"https:\/\/imperiumjalisco.com\/index.php\/wp-json\/wp\/v2\/comments?post=11665"}],"wp:featuredmedia":[{"embeddable":true,"href":"https:\/\/imperiumjalisco.com\/index.php\/wp-json\/wp\/v2\/media\/11666"}],"wp:attachment":[{"href":"https:\/\/imperiumjalisco.com\/index.php\/wp-json\/wp\/v2\/media?parent=11665"}],"wp:term":[{"taxonomy":"product_brand","embeddable":true,"href":"https:\/\/imperiumjalisco.com\/index.php\/wp-json\/wp\/v2\/product_brand?post=11665"},{"taxonomy":"product_cat","embeddable":true,"href":"https:\/\/imperiumjalisco.com\/index.php\/wp-json\/wp\/v2\/product_cat?post=11665"},{"taxonomy":"product_tag","embeddable":true,"href":"https:\/\/imperiumjalisco.com\/index.php\/wp-json\/wp\/v2\/product_tag?post=11665"}],"curies":[{"name":"wp","href":"https:\/\/api.w.org\/{rel}","templated":true}]}}