{"id":11594,"date":"2025-04-07T20:35:09","date_gmt":"2025-04-08T02:35:09","guid":{"rendered":"https:\/\/emperjalisco.com\/?post_type=product&#038;p=11594"},"modified":"2026-02-17T19:51:38","modified_gmt":"2026-02-18T01:51:38","slug":"eclipse-emper-edp-100-ml","status":"publish","type":"product","link":"https:\/\/imperiumjalisco.com\/index.php\/product\/eclipse-emper-edp-100-ml\/","title":{"rendered":"Eclipse Emper Edp 100 ml"},"content":{"rendered":"","protected":false},"excerpt":{"rendered":"<p><span style=\"color: #33cccc;\">\u03a9\u00a0<\/span>Envi\u00f3 gratis a partir de $1500 pesos.<\/p>\n<p>D\u00e9jate seducir por las atractivas notas de dulce frambuesa, jugosa pera y melocot\u00f3n que se mezclan con la refrescante granada y la \u00e1cida grosella negra en las notas de salida de la fragancia. Con estos acordes frutales enlaza el sensual lirio de los valles, al que siguen unas notas de c\u00e1lida madera de s\u00e1ndalo, delicada vainilla y cautivador almizcle blanco en las notas de fondo de la fragancia. En definitiva, te sentir\u00e1s como si justo en ese momento pasearas por una playa soleada. La dulce fragancia frutal te dar\u00e1 fuerzas como si se tratara de la poci\u00f3n m\u00e1gica de los dioses. Similar Kirke.<\/p>\n","protected":false},"featured_media":11595,"comment_status":"open","ping_status":"closed","template":"","meta":[],"product_brand":[],"product_cat":[298,297,300,299],"product_tag":[],"class_list":{"0":"post-11594","1":"product","2":"type-product","3":"status-publish","4":"has-post-thumbnail","6":"product_cat-caballero","7":"product_cat-dama","8":"product_cat-imperium","9":"product_cat-unisex","11":"first","12":"instock","13":"sale","14":"shipping-taxable","15":"purchasable","16":"product-type-simple","17":"add-to-wishlist-after_add_to_cart"},"group_of_quantity":0,"min_quantity":0,"max_quantity":"","exclude_order_quantity_value_rules":"no","exclude_category_quantity_rules":"no","combine_variations":"no","_links":{"self":[{"href":"https:\/\/imperiumjalisco.com\/index.php\/wp-json\/wp\/v2\/product\/11594","targetHints":{"allow":["GET"]}}],"collection":[{"href":"https:\/\/imperiumjalisco.com\/index.php\/wp-json\/wp\/v2\/product"}],"about":[{"href":"https:\/\/imperiumjalisco.com\/index.php\/wp-json\/wp\/v2\/types\/product"}],"replies":[{"embeddable":true,"href":"https:\/\/imperiumjalisco.com\/index.php\/wp-json\/wp\/v2\/comments?post=11594"}],"wp:featuredmedia":[{"embeddable":true,"href":"https:\/\/imperiumjalisco.com\/index.php\/wp-json\/wp\/v2\/media\/11595"}],"wp:attachment":[{"href":"https:\/\/imperiumjalisco.com\/index.php\/wp-json\/wp\/v2\/media?parent=11594"}],"wp:term":[{"taxonomy":"product_brand","embeddable":true,"href":"https:\/\/imperiumjalisco.com\/index.php\/wp-json\/wp\/v2\/product_brand?post=11594"},{"taxonomy":"product_cat","embeddable":true,"href":"https:\/\/imperiumjalisco.com\/index.php\/wp-json\/wp\/v2\/product_cat?post=11594"},{"taxonomy":"product_tag","embeddable":true,"href":"https:\/\/imperiumjalisco.com\/index.php\/wp-json\/wp\/v2\/product_tag?post=11594"}],"curies":[{"name":"wp","href":"https:\/\/api.w.org\/{rel}","templated":true}]}}