{"id":11583,"date":"2025-04-07T19:52:25","date_gmt":"2025-04-08T01:52:25","guid":{"rendered":"https:\/\/emperjalisco.com\/?post_type=product&#038;p=11583"},"modified":"2025-12-19T20:15:25","modified_gmt":"2025-12-20T02:15:25","slug":"desert-angel-le-chemeau-edp-100-ml","status":"publish","type":"product","link":"https:\/\/imperiumjalisco.com\/index.php\/product\/desert-angel-le-chemeau-edp-100-ml\/","title":{"rendered":"Desert Angel Le Chemeau Edp 100 ml"},"content":{"rendered":"","protected":false},"excerpt":{"rendered":"<p><span style=\"color: #33cccc;\">\u03a9\u00a0<\/span>Envi\u00f3 gratuito a partir de $1500 pesos.<\/p>\n<p>Selecci\u00f3n de intoxicantes aromas para llevar la noche hasta el amanecer, El perfume se adentra en acordes y esencias de un perfume mix\u00f3logo profesional combina los aguardientes en proporciones perfectas para un co\u00f1ac excepcional. Contiene la esencia de co\u00f1ac derivada del licor para darle un color caramelo natural. La fragancia se abre con aceite de co\u00f1ac, sobre una mezcla de absoluto de roble, esencia de canela y absoluto de Haba Tonka, las notas duraderas del aroma de s\u00e1ndalo, pralin\u00e9 y vainilla crean un delicioso final. Una mezcla dif\u00edcil de conseguir, que solo los \u00e1ngeles deber\u00edan experimentar.<\/p>\n","protected":false},"featured_media":11584,"comment_status":"open","ping_status":"closed","template":"","meta":[],"product_brand":[],"product_cat":[298,297,302,299],"product_tag":[],"class_list":{"0":"post-11583","1":"product","2":"type-product","3":"status-publish","4":"has-post-thumbnail","6":"product_cat-caballero","7":"product_cat-dama","8":"product_cat-le-chameau","9":"product_cat-unisex","11":"first","12":"instock","13":"sale","14":"shipping-taxable","15":"purchasable","16":"product-type-simple","17":"add-to-wishlist-after_add_to_cart"},"group_of_quantity":0,"min_quantity":0,"max_quantity":"","exclude_order_quantity_value_rules":"no","exclude_category_quantity_rules":"no","combine_variations":"no","_links":{"self":[{"href":"https:\/\/imperiumjalisco.com\/index.php\/wp-json\/wp\/v2\/product\/11583","targetHints":{"allow":["GET"]}}],"collection":[{"href":"https:\/\/imperiumjalisco.com\/index.php\/wp-json\/wp\/v2\/product"}],"about":[{"href":"https:\/\/imperiumjalisco.com\/index.php\/wp-json\/wp\/v2\/types\/product"}],"replies":[{"embeddable":true,"href":"https:\/\/imperiumjalisco.com\/index.php\/wp-json\/wp\/v2\/comments?post=11583"}],"wp:featuredmedia":[{"embeddable":true,"href":"https:\/\/imperiumjalisco.com\/index.php\/wp-json\/wp\/v2\/media\/11584"}],"wp:attachment":[{"href":"https:\/\/imperiumjalisco.com\/index.php\/wp-json\/wp\/v2\/media?parent=11583"}],"wp:term":[{"taxonomy":"product_brand","embeddable":true,"href":"https:\/\/imperiumjalisco.com\/index.php\/wp-json\/wp\/v2\/product_brand?post=11583"},{"taxonomy":"product_cat","embeddable":true,"href":"https:\/\/imperiumjalisco.com\/index.php\/wp-json\/wp\/v2\/product_cat?post=11583"},{"taxonomy":"product_tag","embeddable":true,"href":"https:\/\/imperiumjalisco.com\/index.php\/wp-json\/wp\/v2\/product_tag?post=11583"}],"curies":[{"name":"wp","href":"https:\/\/api.w.org\/{rel}","templated":true}]}}