{"id":11570,"date":"2025-04-07T18:47:07","date_gmt":"2025-04-08T00:47:07","guid":{"rendered":"https:\/\/emperjalisco.com\/?post_type=product&#038;p=11570"},"modified":"2025-12-09T17:02:23","modified_gmt":"2025-12-09T23:02:23","slug":"genius-metallic-emper-edp-100-ml","status":"publish","type":"product","link":"https:\/\/imperiumjalisco.com\/index.php\/product\/genius-metallic-emper-edp-100-ml\/","title":{"rendered":"Genius Metallic Emper Edp. 100 ml"},"content":{"rendered":"","protected":false},"excerpt":{"rendered":"<p><span style=\"color: #33cccc;\">\u03a9<\/span>\u00a0Envi\u00f3 gratis a partir de $1500<\/p>\n<p>Forjada con un brillo elegante, Metallic;\u00a0 hipnotiza a sus admiradores con un destello palpitante de feminidad moderna y decidida; voluntariosa, luminosa y en plena floraci\u00f3n. Sexy, potente y concentrado, lleno de sofisticaci\u00f3n de alto voltaje que brilla con una seducci\u00f3n centelleante que garantiza el brillo de Genius Metallic<\/p>\n","protected":false},"featured_media":11571,"comment_status":"open","ping_status":"closed","template":"","meta":[],"product_brand":[],"product_cat":[297,314],"product_tag":[],"class_list":{"0":"post-11570","1":"product","2":"type-product","3":"status-publish","4":"has-post-thumbnail","6":"product_cat-dama","7":"product_cat-genius","9":"first","10":"instock","11":"sale","12":"shipping-taxable","13":"purchasable","14":"product-type-simple","15":"add-to-wishlist-after_add_to_cart"},"group_of_quantity":0,"min_quantity":0,"max_quantity":"","exclude_order_quantity_value_rules":"no","exclude_category_quantity_rules":"no","combine_variations":"no","_links":{"self":[{"href":"https:\/\/imperiumjalisco.com\/index.php\/wp-json\/wp\/v2\/product\/11570","targetHints":{"allow":["GET"]}}],"collection":[{"href":"https:\/\/imperiumjalisco.com\/index.php\/wp-json\/wp\/v2\/product"}],"about":[{"href":"https:\/\/imperiumjalisco.com\/index.php\/wp-json\/wp\/v2\/types\/product"}],"replies":[{"embeddable":true,"href":"https:\/\/imperiumjalisco.com\/index.php\/wp-json\/wp\/v2\/comments?post=11570"}],"wp:featuredmedia":[{"embeddable":true,"href":"https:\/\/imperiumjalisco.com\/index.php\/wp-json\/wp\/v2\/media\/11571"}],"wp:attachment":[{"href":"https:\/\/imperiumjalisco.com\/index.php\/wp-json\/wp\/v2\/media?parent=11570"}],"wp:term":[{"taxonomy":"product_brand","embeddable":true,"href":"https:\/\/imperiumjalisco.com\/index.php\/wp-json\/wp\/v2\/product_brand?post=11570"},{"taxonomy":"product_cat","embeddable":true,"href":"https:\/\/imperiumjalisco.com\/index.php\/wp-json\/wp\/v2\/product_cat?post=11570"},{"taxonomy":"product_tag","embeddable":true,"href":"https:\/\/imperiumjalisco.com\/index.php\/wp-json\/wp\/v2\/product_tag?post=11570"}],"curies":[{"name":"wp","href":"https:\/\/api.w.org\/{rel}","templated":true}]}}