{"id":11530,"date":"2025-04-06T19:44:18","date_gmt":"2025-04-07T01:44:18","guid":{"rendered":"https:\/\/emperjalisco.com\/?post_type=product&#038;p=11530"},"modified":"2025-10-15T08:51:13","modified_gmt":"2025-10-15T14:51:13","slug":"asrar-emper-decant","status":"publish","type":"product","link":"https:\/\/imperiumjalisco.com\/index.php\/product\/asrar-emper-decant\/","title":{"rendered":"Asrar Emper &#8211; Decant"},"content":{"rendered":"","protected":false},"excerpt":{"rendered":"<p><span style=\"color: #33cccc;\">\u03a9<\/span>\u00a0Envi\u00f3 gratis a partir de $1500 pesos<\/p>\n<p>Una mezcla vibrante de naranja brasile\u00f1a, lim\u00f3n siciliano y bergamota de Calabria brilla con jengibre, dando lugar a un coraz\u00f3n afrutado de mel\u00f3n, pera y manzana verde, condimentado con cardamomo y clavo, todo ello sobre una base c\u00e1lida de almizcle blanco, \u00e1mbar, vainilla de Madagascar y notas amaderadas. Similar a Erba Gold.<\/p>\n","protected":false},"featured_media":11527,"comment_status":"open","ping_status":"closed","template":"","meta":[],"product_brand":[],"product_cat":[297,308,300],"product_tag":[],"class_list":{"0":"post-11530","1":"product","2":"type-product","3":"status-publish","4":"has-post-thumbnail","6":"product_cat-dama","7":"product_cat-decants","8":"product_cat-imperium","10":"first","11":"outofstock","12":"shipping-taxable","13":"purchasable","14":"product-type-variable","15":"wvs-archive-product-wrapper","16":"add-to-wishlist-after_add_to_cart"},"group_of_quantity":0,"min_quantity":0,"max_quantity":"","exclude_order_quantity_value_rules":"no","exclude_category_quantity_rules":"no","combine_variations":"no","_links":{"self":[{"href":"https:\/\/imperiumjalisco.com\/index.php\/wp-json\/wp\/v2\/product\/11530","targetHints":{"allow":["GET"]}}],"collection":[{"href":"https:\/\/imperiumjalisco.com\/index.php\/wp-json\/wp\/v2\/product"}],"about":[{"href":"https:\/\/imperiumjalisco.com\/index.php\/wp-json\/wp\/v2\/types\/product"}],"replies":[{"embeddable":true,"href":"https:\/\/imperiumjalisco.com\/index.php\/wp-json\/wp\/v2\/comments?post=11530"}],"wp:featuredmedia":[{"embeddable":true,"href":"https:\/\/imperiumjalisco.com\/index.php\/wp-json\/wp\/v2\/media\/11527"}],"wp:attachment":[{"href":"https:\/\/imperiumjalisco.com\/index.php\/wp-json\/wp\/v2\/media?parent=11530"}],"wp:term":[{"taxonomy":"product_brand","embeddable":true,"href":"https:\/\/imperiumjalisco.com\/index.php\/wp-json\/wp\/v2\/product_brand?post=11530"},{"taxonomy":"product_cat","embeddable":true,"href":"https:\/\/imperiumjalisco.com\/index.php\/wp-json\/wp\/v2\/product_cat?post=11530"},{"taxonomy":"product_tag","embeddable":true,"href":"https:\/\/imperiumjalisco.com\/index.php\/wp-json\/wp\/v2\/product_tag?post=11530"}],"curies":[{"name":"wp","href":"https:\/\/api.w.org\/{rel}","templated":true}]}}