{"id":11376,"date":"2025-03-23T18:00:57","date_gmt":"2025-03-24T00:00:57","guid":{"rendered":"https:\/\/emperjalisco.com\/?post_type=product&#038;p=11376"},"modified":"2025-03-23T18:00:57","modified_gmt":"2025-03-24T00:00:57","slug":"buds-fresh-bloom-le-chemeau-edp-decant","status":"publish","type":"product","link":"https:\/\/imperiumjalisco.com\/index.php\/product\/buds-fresh-bloom-le-chemeau-edp-decant\/","title":{"rendered":"Buds Fresh Bloom Le Chemeau Edp. &#8211; Decant"},"content":{"rendered":"","protected":false},"excerpt":{"rendered":"<p><span style=\"color: #33cccc;\">\u03a9<\/span>\u00a0Envi\u00f3 gratis a partir de $1500 pesos.<\/p>\n<p><em>Un viaje a trav\u00e9s de un jard\u00edn floreciente,\u00a0<\/em>fragancia que captura la esencia de un jard\u00edn vibrante en el apogeo de su floraci\u00f3n. Con una mezcla de frescura c\u00edtrica, profundidad especiada y matices terrosos, este aroma est\u00e1 dise\u00f1ado para quienes aprecian una fragancia que combina frescura natural y elegante con complejidad sofisticada.<\/p>\n","protected":false},"featured_media":10670,"comment_status":"open","ping_status":"closed","template":"","meta":[],"product_brand":[],"product_cat":[308],"product_tag":[],"class_list":{"0":"post-11376","1":"product","2":"type-product","3":"status-publish","4":"has-post-thumbnail","6":"product_cat-decants","8":"first","9":"instock","10":"shipping-taxable","11":"purchasable","12":"product-type-variable","13":"wvs-archive-product-wrapper","14":"add-to-wishlist-after_add_to_cart"},"group_of_quantity":0,"min_quantity":0,"max_quantity":"","exclude_order_quantity_value_rules":"no","exclude_category_quantity_rules":"no","combine_variations":"no","_links":{"self":[{"href":"https:\/\/imperiumjalisco.com\/index.php\/wp-json\/wp\/v2\/product\/11376","targetHints":{"allow":["GET"]}}],"collection":[{"href":"https:\/\/imperiumjalisco.com\/index.php\/wp-json\/wp\/v2\/product"}],"about":[{"href":"https:\/\/imperiumjalisco.com\/index.php\/wp-json\/wp\/v2\/types\/product"}],"replies":[{"embeddable":true,"href":"https:\/\/imperiumjalisco.com\/index.php\/wp-json\/wp\/v2\/comments?post=11376"}],"wp:featuredmedia":[{"embeddable":true,"href":"https:\/\/imperiumjalisco.com\/index.php\/wp-json\/wp\/v2\/media\/10670"}],"wp:attachment":[{"href":"https:\/\/imperiumjalisco.com\/index.php\/wp-json\/wp\/v2\/media?parent=11376"}],"wp:term":[{"taxonomy":"product_brand","embeddable":true,"href":"https:\/\/imperiumjalisco.com\/index.php\/wp-json\/wp\/v2\/product_brand?post=11376"},{"taxonomy":"product_cat","embeddable":true,"href":"https:\/\/imperiumjalisco.com\/index.php\/wp-json\/wp\/v2\/product_cat?post=11376"},{"taxonomy":"product_tag","embeddable":true,"href":"https:\/\/imperiumjalisco.com\/index.php\/wp-json\/wp\/v2\/product_tag?post=11376"}],"curies":[{"name":"wp","href":"https:\/\/api.w.org\/{rel}","templated":true}]}}