{"id":11370,"date":"2025-03-23T17:26:41","date_gmt":"2025-03-23T23:26:41","guid":{"rendered":"https:\/\/emperjalisco.com\/?post_type=product&#038;p=11370"},"modified":"2025-03-23T17:26:41","modified_gmt":"2025-03-23T23:26:41","slug":"emper-perfume-al-jamal-edp-decant","status":"publish","type":"product","link":"https:\/\/imperiumjalisco.com\/index.php\/product\/emper-perfume-al-jamal-edp-decant\/","title":{"rendered":"Emper Perfume Al Jamal Edp. &#8211; Decant"},"content":{"rendered":"","protected":false},"excerpt":{"rendered":"<p><span style=\"color: #33cccc;\">\u03a9<\/span>\u00a0Envi\u00f3 gratis a partir de $1500 pesos.<\/p>\n<p>Al Jamal es una fragancia fresca y vigorizante que encarna el esp\u00edritu de la primavera. Las notas de salida de notas verdes, bergamota y pimienta blanca brindan una introducci\u00f3n vibrante y ligeramente picante, perfecta para los primeros d\u00edas de oto\u00f1o a primavera. Las notas de coraz\u00f3n de rosa, violeta y jazm\u00edn agregan un delicado ramo floral que florece maravillosamente en la piel. Las notas de base de madera de cedro, \u00e1mbar y almizcle crean un final suave y c\u00e1lido, lo que hace que esta fragancia sea ideal tanto para usar de d\u00eda como de noche durante todo el a\u00f1o.<\/p>\n","protected":false},"featured_media":10984,"comment_status":"open","ping_status":"closed","template":"","meta":[],"product_brand":[],"product_cat":[308],"product_tag":[],"class_list":{"0":"post-11370","1":"product","2":"type-product","3":"status-publish","4":"has-post-thumbnail","6":"product_cat-decants","8":"first","9":"instock","10":"shipping-taxable","11":"purchasable","12":"product-type-variable","13":"wvs-archive-product-wrapper","14":"add-to-wishlist-after_add_to_cart"},"group_of_quantity":0,"min_quantity":0,"max_quantity":"","exclude_order_quantity_value_rules":"no","exclude_category_quantity_rules":"no","combine_variations":"no","_links":{"self":[{"href":"https:\/\/imperiumjalisco.com\/index.php\/wp-json\/wp\/v2\/product\/11370","targetHints":{"allow":["GET"]}}],"collection":[{"href":"https:\/\/imperiumjalisco.com\/index.php\/wp-json\/wp\/v2\/product"}],"about":[{"href":"https:\/\/imperiumjalisco.com\/index.php\/wp-json\/wp\/v2\/types\/product"}],"replies":[{"embeddable":true,"href":"https:\/\/imperiumjalisco.com\/index.php\/wp-json\/wp\/v2\/comments?post=11370"}],"wp:featuredmedia":[{"embeddable":true,"href":"https:\/\/imperiumjalisco.com\/index.php\/wp-json\/wp\/v2\/media\/10984"}],"wp:attachment":[{"href":"https:\/\/imperiumjalisco.com\/index.php\/wp-json\/wp\/v2\/media?parent=11370"}],"wp:term":[{"taxonomy":"product_brand","embeddable":true,"href":"https:\/\/imperiumjalisco.com\/index.php\/wp-json\/wp\/v2\/product_brand?post=11370"},{"taxonomy":"product_cat","embeddable":true,"href":"https:\/\/imperiumjalisco.com\/index.php\/wp-json\/wp\/v2\/product_cat?post=11370"},{"taxonomy":"product_tag","embeddable":true,"href":"https:\/\/imperiumjalisco.com\/index.php\/wp-json\/wp\/v2\/product_tag?post=11370"}],"curies":[{"name":"wp","href":"https:\/\/api.w.org\/{rel}","templated":true}]}}