{"id":11341,"date":"2025-03-23T16:08:40","date_gmt":"2025-03-23T22:08:40","guid":{"rendered":"https:\/\/emperjalisco.com\/?post_type=product&#038;p=11341"},"modified":"2025-03-23T16:10:33","modified_gmt":"2025-03-23T22:10:33","slug":"nexus-milestone-edp-decant","status":"publish","type":"product","link":"https:\/\/imperiumjalisco.com\/index.php\/product\/nexus-milestone-edp-decant\/","title":{"rendered":"Nexus Milestone Edp &#8211; Decant"},"content":{"rendered":"","protected":false},"excerpt":{"rendered":"<div><span style=\"color: #33cccc;\">\u03a9\u00a0<\/span>Envi\u00f3 gratis a partir de $1500 pesos<\/div>\n<div><\/div>\n<div class=\"woocommerce-product-details__short-description\">Inspirado en la bella Italia. te trasporta al coraz\u00f3n de Sicilia con la presencia de notas altas gourmand de bergamota fresca, lim\u00f3n y lavanda te conducen a un coraz\u00f3n inspirador de canela; miel y cachemira<\/div>\n","protected":false},"featured_media":10976,"comment_status":"open","ping_status":"closed","template":"","meta":[],"product_brand":[],"product_cat":[308],"product_tag":[],"class_list":{"0":"post-11341","1":"product","2":"type-product","3":"status-publish","4":"has-post-thumbnail","6":"product_cat-decants","8":"first","9":"instock","10":"shipping-taxable","11":"purchasable","12":"product-type-variable","13":"wvs-archive-product-wrapper","14":"add-to-wishlist-after_add_to_cart"},"group_of_quantity":0,"min_quantity":0,"max_quantity":"","exclude_order_quantity_value_rules":"no","exclude_category_quantity_rules":"no","combine_variations":"no","_links":{"self":[{"href":"https:\/\/imperiumjalisco.com\/index.php\/wp-json\/wp\/v2\/product\/11341","targetHints":{"allow":["GET"]}}],"collection":[{"href":"https:\/\/imperiumjalisco.com\/index.php\/wp-json\/wp\/v2\/product"}],"about":[{"href":"https:\/\/imperiumjalisco.com\/index.php\/wp-json\/wp\/v2\/types\/product"}],"replies":[{"embeddable":true,"href":"https:\/\/imperiumjalisco.com\/index.php\/wp-json\/wp\/v2\/comments?post=11341"}],"wp:featuredmedia":[{"embeddable":true,"href":"https:\/\/imperiumjalisco.com\/index.php\/wp-json\/wp\/v2\/media\/10976"}],"wp:attachment":[{"href":"https:\/\/imperiumjalisco.com\/index.php\/wp-json\/wp\/v2\/media?parent=11341"}],"wp:term":[{"taxonomy":"product_brand","embeddable":true,"href":"https:\/\/imperiumjalisco.com\/index.php\/wp-json\/wp\/v2\/product_brand?post=11341"},{"taxonomy":"product_cat","embeddable":true,"href":"https:\/\/imperiumjalisco.com\/index.php\/wp-json\/wp\/v2\/product_cat?post=11341"},{"taxonomy":"product_tag","embeddable":true,"href":"https:\/\/imperiumjalisco.com\/index.php\/wp-json\/wp\/v2\/product_tag?post=11341"}],"curies":[{"name":"wp","href":"https:\/\/api.w.org\/{rel}","templated":true}]}}