{"id":11254,"date":"2025-03-22T18:28:06","date_gmt":"2025-03-23T00:28:06","guid":{"rendered":"https:\/\/emperjalisco.com\/?post_type=product&#038;p=11254"},"modified":"2025-12-19T20:19:01","modified_gmt":"2025-12-20T02:19:01","slug":"mizan-harvest-perfume-caballero-100-ml","status":"publish","type":"product","link":"https:\/\/imperiumjalisco.com\/index.php\/product\/mizan-harvest-perfume-caballero-100-ml\/","title":{"rendered":"Mizan Harvest Perfume Caballero 100 ml"},"content":{"rendered":"","protected":false},"excerpt":{"rendered":"<p><span style=\"color: #33cccc;\">\u03a9<\/span> Envi\u00f3 gratis a partir de $1500<\/p>\n<p>Fragancia inspirada le har\u00e1 revivir sus sue\u00f1os m\u00e1s dulces perfume limpio, brillante, con una apertura ligeramente dulce acompa\u00f1ada de c\u00edtricos dando paso a una pi\u00f1a majestuosa y cremosa.<\/p>\n","protected":false},"featured_media":11256,"comment_status":"open","ping_status":"closed","template":"","meta":[],"product_brand":[],"product_cat":[298,305],"product_tag":[],"class_list":{"0":"post-11254","1":"product","2":"type-product","3":"status-publish","4":"has-post-thumbnail","6":"product_cat-caballero","7":"product_cat-milestone","9":"first","10":"instock","11":"sale","12":"shipping-taxable","13":"purchasable","14":"product-type-simple","15":"add-to-wishlist-after_add_to_cart"},"group_of_quantity":0,"min_quantity":0,"max_quantity":"","exclude_order_quantity_value_rules":"no","exclude_category_quantity_rules":"no","combine_variations":"no","_links":{"self":[{"href":"https:\/\/imperiumjalisco.com\/index.php\/wp-json\/wp\/v2\/product\/11254","targetHints":{"allow":["GET"]}}],"collection":[{"href":"https:\/\/imperiumjalisco.com\/index.php\/wp-json\/wp\/v2\/product"}],"about":[{"href":"https:\/\/imperiumjalisco.com\/index.php\/wp-json\/wp\/v2\/types\/product"}],"replies":[{"embeddable":true,"href":"https:\/\/imperiumjalisco.com\/index.php\/wp-json\/wp\/v2\/comments?post=11254"}],"wp:featuredmedia":[{"embeddable":true,"href":"https:\/\/imperiumjalisco.com\/index.php\/wp-json\/wp\/v2\/media\/11256"}],"wp:attachment":[{"href":"https:\/\/imperiumjalisco.com\/index.php\/wp-json\/wp\/v2\/media?parent=11254"}],"wp:term":[{"taxonomy":"product_brand","embeddable":true,"href":"https:\/\/imperiumjalisco.com\/index.php\/wp-json\/wp\/v2\/product_brand?post=11254"},{"taxonomy":"product_cat","embeddable":true,"href":"https:\/\/imperiumjalisco.com\/index.php\/wp-json\/wp\/v2\/product_cat?post=11254"},{"taxonomy":"product_tag","embeddable":true,"href":"https:\/\/imperiumjalisco.com\/index.php\/wp-json\/wp\/v2\/product_tag?post=11254"}],"curies":[{"name":"wp","href":"https:\/\/api.w.org\/{rel}","templated":true}]}}