{"id":10974,"date":"2025-03-18T19:04:40","date_gmt":"2025-03-18T19:04:40","guid":{"rendered":"https:\/\/emperjalisco.com\/?post_type=product&#038;p=10974"},"modified":"2025-12-19T20:19:25","modified_gmt":"2025-12-20T02:19:25","slug":"nexus-perfume-caballero-100-ml-edp","status":"publish","type":"product","link":"https:\/\/imperiumjalisco.com\/index.php\/product\/nexus-perfume-caballero-100-ml-edp\/","title":{"rendered":"Nexus Perfume Caballero 100 ml Edp"},"content":{"rendered":"","protected":false},"excerpt":{"rendered":"<div><span style=\"color: #33cccc;\">\u03a9<\/span> Envi\u00f3 gratis a partir de $1500 pesos<\/div>\n<div><span style=\"color: #666699;\">La tapa puede variar su figura\u00a0<\/span><\/div>\n<div class=\"woocommerce-product-details__short-description\">Inspirado en la bella Italia. te trasporta al coraz\u00f3n de Sicilia con la presencia de notas altas gourmand de bergamota fresca, lim\u00f3n y lavanda te conducen a un coraz\u00f3n inspirador de canela; miel y cachemira<\/div>\n","protected":false},"featured_media":10976,"comment_status":"open","ping_status":"closed","template":"","meta":[],"product_brand":[],"product_cat":[298,297,300,305],"product_tag":[],"class_list":{"0":"post-10974","1":"product","2":"type-product","3":"status-publish","4":"has-post-thumbnail","6":"product_cat-caballero","7":"product_cat-dama","8":"product_cat-imperium","9":"product_cat-milestone","11":"first","12":"instock","13":"sale","14":"shipping-taxable","15":"purchasable","16":"product-type-simple","17":"add-to-wishlist-after_add_to_cart"},"group_of_quantity":0,"min_quantity":0,"max_quantity":"","exclude_order_quantity_value_rules":"no","exclude_category_quantity_rules":"no","combine_variations":"no","_links":{"self":[{"href":"https:\/\/imperiumjalisco.com\/index.php\/wp-json\/wp\/v2\/product\/10974","targetHints":{"allow":["GET"]}}],"collection":[{"href":"https:\/\/imperiumjalisco.com\/index.php\/wp-json\/wp\/v2\/product"}],"about":[{"href":"https:\/\/imperiumjalisco.com\/index.php\/wp-json\/wp\/v2\/types\/product"}],"replies":[{"embeddable":true,"href":"https:\/\/imperiumjalisco.com\/index.php\/wp-json\/wp\/v2\/comments?post=10974"}],"wp:featuredmedia":[{"embeddable":true,"href":"https:\/\/imperiumjalisco.com\/index.php\/wp-json\/wp\/v2\/media\/10976"}],"wp:attachment":[{"href":"https:\/\/imperiumjalisco.com\/index.php\/wp-json\/wp\/v2\/media?parent=10974"}],"wp:term":[{"taxonomy":"product_brand","embeddable":true,"href":"https:\/\/imperiumjalisco.com\/index.php\/wp-json\/wp\/v2\/product_brand?post=10974"},{"taxonomy":"product_cat","embeddable":true,"href":"https:\/\/imperiumjalisco.com\/index.php\/wp-json\/wp\/v2\/product_cat?post=10974"},{"taxonomy":"product_tag","embeddable":true,"href":"https:\/\/imperiumjalisco.com\/index.php\/wp-json\/wp\/v2\/product_tag?post=10974"}],"curies":[{"name":"wp","href":"https:\/\/api.w.org\/{rel}","templated":true}]}}