{"id":10955,"date":"2025-03-12T22:20:20","date_gmt":"2025-03-12T22:20:20","guid":{"rendered":"https:\/\/emperjalisco.com\/?post_type=product&#038;p=10955"},"modified":"2025-12-09T16:55:09","modified_gmt":"2025-12-09T22:55:09","slug":"shinning-city","status":"publish","type":"product","link":"https:\/\/imperiumjalisco.com\/index.php\/product\/shinning-city\/","title":{"rendered":"Shinning City Perfume 100 ml"},"content":{"rendered":"","protected":false},"excerpt":{"rendered":"<div><span style=\"color: #33cccc;\">\u03a9<\/span> Envi\u00f3 gratis a partir de $1500 pesos<\/div>\n<div class=\"woocommerce-product-details__short-description\">Inspirado en la playa. Fragancia de la familia olfativa c\u00edtrica unisex. Su sorprendente frescura te sorprender\u00e1; fusionando notas arenosas de hiervas arom\u00e1ticas perfeccionando unos c\u00edtricos que te dar\u00e1n una experiencia pura de verano.<\/div>\n","protected":false},"featured_media":11508,"comment_status":"open","ping_status":"closed","template":"","meta":[],"product_brand":[],"product_cat":[298,297,305,299],"product_tag":[],"class_list":{"0":"post-10955","1":"product","2":"type-product","3":"status-publish","4":"has-post-thumbnail","6":"product_cat-caballero","7":"product_cat-dama","8":"product_cat-milestone","9":"product_cat-unisex","11":"first","12":"instock","13":"sale","14":"shipping-taxable","15":"purchasable","16":"product-type-simple","17":"add-to-wishlist-after_add_to_cart"},"group_of_quantity":0,"min_quantity":0,"max_quantity":"","exclude_order_quantity_value_rules":"no","exclude_category_quantity_rules":"no","combine_variations":"no","_links":{"self":[{"href":"https:\/\/imperiumjalisco.com\/index.php\/wp-json\/wp\/v2\/product\/10955","targetHints":{"allow":["GET"]}}],"collection":[{"href":"https:\/\/imperiumjalisco.com\/index.php\/wp-json\/wp\/v2\/product"}],"about":[{"href":"https:\/\/imperiumjalisco.com\/index.php\/wp-json\/wp\/v2\/types\/product"}],"replies":[{"embeddable":true,"href":"https:\/\/imperiumjalisco.com\/index.php\/wp-json\/wp\/v2\/comments?post=10955"}],"wp:featuredmedia":[{"embeddable":true,"href":"https:\/\/imperiumjalisco.com\/index.php\/wp-json\/wp\/v2\/media\/11508"}],"wp:attachment":[{"href":"https:\/\/imperiumjalisco.com\/index.php\/wp-json\/wp\/v2\/media?parent=10955"}],"wp:term":[{"taxonomy":"product_brand","embeddable":true,"href":"https:\/\/imperiumjalisco.com\/index.php\/wp-json\/wp\/v2\/product_brand?post=10955"},{"taxonomy":"product_cat","embeddable":true,"href":"https:\/\/imperiumjalisco.com\/index.php\/wp-json\/wp\/v2\/product_cat?post=10955"},{"taxonomy":"product_tag","embeddable":true,"href":"https:\/\/imperiumjalisco.com\/index.php\/wp-json\/wp\/v2\/product_tag?post=10955"}],"curies":[{"name":"wp","href":"https:\/\/api.w.org\/{rel}","templated":true}]}}