{"id":10668,"date":"2025-02-24T22:42:45","date_gmt":"2025-02-24T22:42:45","guid":{"rendered":"https:\/\/emperjalisco.com\/?post_type=product&#038;p=10668"},"modified":"2025-12-09T17:08:42","modified_gmt":"2025-12-09T23:08:42","slug":"buds-fresh-bloom-perfume-dama-100-ml-edp","status":"publish","type":"product","link":"https:\/\/imperiumjalisco.com\/index.php\/product\/buds-fresh-bloom-perfume-dama-100-ml-edp\/","title":{"rendered":"Buds Fresh Bloom Le Chemeau Edp.100 ml"},"content":{"rendered":"","protected":false},"excerpt":{"rendered":"<div class=\"pd_summary\">\n<div class=\"pd_summary\">\n<p><span style=\"color: #33cccc;\">\u03a9<\/span> Envi\u00f3 gratis a partir de $1500 pesos.<\/p>\n<p>Un viaje a trav\u00e9s de un jard\u00edn floreciente<em>, <\/em>fragancia que captura la esencia de un jard\u00edn vibrante en el apogeo de su floraci\u00f3n. Con una mezcla de frescura c\u00edtrica, profundidad especiada y matices terrosos, este aroma est\u00e1 dise\u00f1ado para quienes aprecian una fragancia que combina frescura natural y elegante con complejidad sofisticada.<\/p>\n<\/div>\n<\/div>\n<p>&nbsp;<\/p>\n","protected":false},"featured_media":10670,"comment_status":"open","ping_status":"closed","template":"","meta":[],"product_brand":[],"product_cat":[307,297,300,302],"product_tag":[],"class_list":{"0":"post-10668","1":"product","2":"type-product","3":"status-publish","4":"has-post-thumbnail","6":"product_cat-buds","7":"product_cat-dama","8":"product_cat-imperium","9":"product_cat-le-chameau","11":"first","12":"instock","13":"sale","14":"shipping-taxable","15":"purchasable","16":"product-type-simple","17":"add-to-wishlist-after_add_to_cart"},"group_of_quantity":0,"min_quantity":0,"max_quantity":"","exclude_order_quantity_value_rules":"no","exclude_category_quantity_rules":"no","combine_variations":"no","_links":{"self":[{"href":"https:\/\/imperiumjalisco.com\/index.php\/wp-json\/wp\/v2\/product\/10668","targetHints":{"allow":["GET"]}}],"collection":[{"href":"https:\/\/imperiumjalisco.com\/index.php\/wp-json\/wp\/v2\/product"}],"about":[{"href":"https:\/\/imperiumjalisco.com\/index.php\/wp-json\/wp\/v2\/types\/product"}],"replies":[{"embeddable":true,"href":"https:\/\/imperiumjalisco.com\/index.php\/wp-json\/wp\/v2\/comments?post=10668"}],"wp:featuredmedia":[{"embeddable":true,"href":"https:\/\/imperiumjalisco.com\/index.php\/wp-json\/wp\/v2\/media\/10670"}],"wp:attachment":[{"href":"https:\/\/imperiumjalisco.com\/index.php\/wp-json\/wp\/v2\/media?parent=10668"}],"wp:term":[{"taxonomy":"product_brand","embeddable":true,"href":"https:\/\/imperiumjalisco.com\/index.php\/wp-json\/wp\/v2\/product_brand?post=10668"},{"taxonomy":"product_cat","embeddable":true,"href":"https:\/\/imperiumjalisco.com\/index.php\/wp-json\/wp\/v2\/product_cat?post=10668"},{"taxonomy":"product_tag","embeddable":true,"href":"https:\/\/imperiumjalisco.com\/index.php\/wp-json\/wp\/v2\/product_tag?post=10668"}],"curies":[{"name":"wp","href":"https:\/\/api.w.org\/{rel}","templated":true}]}}