{"id":10660,"date":"2025-02-24T22:25:46","date_gmt":"2025-02-24T22:25:46","guid":{"rendered":"https:\/\/emperjalisco.com\/?post_type=product&#038;p=10660"},"modified":"2025-12-09T17:03:42","modified_gmt":"2025-12-09T23:03:42","slug":"arabia-emotion-perfume-100-ml","status":"publish","type":"product","link":"https:\/\/imperiumjalisco.com\/index.php\/product\/arabia-emotion-perfume-100-ml\/","title":{"rendered":"Arabia Emotion Le Chemeau Edp.  100 ml"},"content":{"rendered":"","protected":false},"excerpt":{"rendered":"<div id=\"short-description\" class=\"elementor-element elementor-element-a967239 short-description elementor-widget elementor-widget-woocommerce-product-short-description\" data-id=\"a967239\" data-element_type=\"widget\" data-widget_type=\"woocommerce-product-short-description.default\">\n<div class=\"elementor-widget-container\">\n<div class=\"woocommerce-product-details__short-description\">\n<p dir=\"ltr\" data-placeholder=\"Traducci\u00f3n\" aria-label=\"Texto traducido: Un perfume contempor\u00e1neo impregnado de la esencia de la elegancia atemporal. Un aroma que evoca tu belleza magn\u00e9tica, confianza en ti mismo e imaginaci\u00f3n ilimitada. Notas de cabeza: lim\u00f3n confitado Notas de coraz\u00f3n: panacotta, flor de naranjo y ron Notas de fondo: vainilla\" data-ved=\"2ahUKEwj9g4mG1_WJAxV0HkQIHdd8NvgQ3ewLegQIDhAW\"><span style=\"color: #33cccc;\">\u03a9<\/span> Envi\u00f3 gratis a partir de $1500 pesos.<\/p>\n<p id=\"tw-target-text\" class=\"tw-data-text tw-text-large tw-ta\" dir=\"ltr\" data-placeholder=\"Traducci\u00f3n\" aria-label=\"Texto traducido: Un perfume contempor\u00e1neo impregnado de la esencia de la elegancia atemporal. Un aroma que evoca tu belleza magn\u00e9tica, confianza en ti mismo e imaginaci\u00f3n ilimitada. Notas de cabeza: lim\u00f3n confitado Notas de coraz\u00f3n: panacotta, flor de naranjo y ron Notas de fondo: vainilla\" data-ved=\"2ahUKEwj9g4mG1_WJAxV0HkQIHdd8NvgQ3ewLegQIDhAW\"><span class=\"Y2IQFc\" lang=\"es\">Aroma deslumbrante una vainilla oriental espectacular acompa\u00f1ada con la nota de lim\u00f3n italiano brindando a la fragancia un aroma brillante espectacularmente sensual y rom\u00e1ntico.<\/span><\/p>\n<\/div>\n<\/div>\n<\/div>\n","protected":false},"featured_media":10662,"comment_status":"open","ping_status":"closed","template":"","meta":[],"product_brand":[],"product_cat":[306,297,300,302],"product_tag":[],"class_list":{"0":"post-10660","1":"product","2":"type-product","3":"status-publish","4":"has-post-thumbnail","6":"product_cat-arabia","7":"product_cat-dama","8":"product_cat-imperium","9":"product_cat-le-chameau","11":"first","12":"outofstock","13":"sale","14":"shipping-taxable","15":"purchasable","16":"product-type-simple","17":"add-to-wishlist-after_add_to_cart"},"group_of_quantity":0,"min_quantity":0,"max_quantity":"","exclude_order_quantity_value_rules":"no","exclude_category_quantity_rules":"no","combine_variations":"no","_links":{"self":[{"href":"https:\/\/imperiumjalisco.com\/index.php\/wp-json\/wp\/v2\/product\/10660","targetHints":{"allow":["GET"]}}],"collection":[{"href":"https:\/\/imperiumjalisco.com\/index.php\/wp-json\/wp\/v2\/product"}],"about":[{"href":"https:\/\/imperiumjalisco.com\/index.php\/wp-json\/wp\/v2\/types\/product"}],"replies":[{"embeddable":true,"href":"https:\/\/imperiumjalisco.com\/index.php\/wp-json\/wp\/v2\/comments?post=10660"}],"wp:featuredmedia":[{"embeddable":true,"href":"https:\/\/imperiumjalisco.com\/index.php\/wp-json\/wp\/v2\/media\/10662"}],"wp:attachment":[{"href":"https:\/\/imperiumjalisco.com\/index.php\/wp-json\/wp\/v2\/media?parent=10660"}],"wp:term":[{"taxonomy":"product_brand","embeddable":true,"href":"https:\/\/imperiumjalisco.com\/index.php\/wp-json\/wp\/v2\/product_brand?post=10660"},{"taxonomy":"product_cat","embeddable":true,"href":"https:\/\/imperiumjalisco.com\/index.php\/wp-json\/wp\/v2\/product_cat?post=10660"},{"taxonomy":"product_tag","embeddable":true,"href":"https:\/\/imperiumjalisco.com\/index.php\/wp-json\/wp\/v2\/product_tag?post=10660"}],"curies":[{"name":"wp","href":"https:\/\/api.w.org\/{rel}","templated":true}]}}