{"id":10650,"date":"2025-02-24T21:23:45","date_gmt":"2025-02-24T21:23:45","guid":{"rendered":"https:\/\/emperjalisco.com\/?post_type=product&#038;p=10650"},"modified":"2025-05-02T20:13:43","modified_gmt":"2025-05-03T02:13:43","slug":"mouj-iceage-perfume-dama-edp-95-ml","status":"publish","type":"product","link":"https:\/\/imperiumjalisco.com\/index.php\/product\/mouj-iceage-perfume-dama-edp-95-ml\/","title":{"rendered":"Mouj Iceage Milestone Edp 95 ml"},"content":{"rendered":"","protected":false},"excerpt":{"rendered":"<p><span style=\"color: #33cccc;\">\u03a9<\/span> Env\u00edo gratis a partir de $1500 pesos.<\/p>\n<p>Emb\u00e1rcate en un viaje olfativo como ning\u00fan otro con Milestone Mouj Iceage Woman, una aut\u00e9ntica obra maestra del mundo de la perfumer\u00eda.\u00a0 esta fragancia encarna la sofisticaci\u00f3n, el encanto y la elegancia atemporal. Se erige como un tributo extraordinario que ofrece una experiencia incomparable a los entusiastas de las fragancias de todo el mundo.<\/p>\n","protected":false},"featured_media":10651,"comment_status":"open","ping_status":"closed","template":"","meta":[],"product_brand":[],"product_cat":[297,300,305],"product_tag":[],"class_list":{"0":"post-10650","1":"product","2":"type-product","3":"status-publish","4":"has-post-thumbnail","6":"product_cat-dama","7":"product_cat-imperium","8":"product_cat-milestone","10":"first","11":"instock","12":"sale","13":"shipping-taxable","14":"purchasable","15":"product-type-simple","16":"add-to-wishlist-after_add_to_cart"},"group_of_quantity":0,"min_quantity":0,"max_quantity":"","exclude_order_quantity_value_rules":"no","exclude_category_quantity_rules":"no","combine_variations":"no","_links":{"self":[{"href":"https:\/\/imperiumjalisco.com\/index.php\/wp-json\/wp\/v2\/product\/10650","targetHints":{"allow":["GET"]}}],"collection":[{"href":"https:\/\/imperiumjalisco.com\/index.php\/wp-json\/wp\/v2\/product"}],"about":[{"href":"https:\/\/imperiumjalisco.com\/index.php\/wp-json\/wp\/v2\/types\/product"}],"replies":[{"embeddable":true,"href":"https:\/\/imperiumjalisco.com\/index.php\/wp-json\/wp\/v2\/comments?post=10650"}],"wp:featuredmedia":[{"embeddable":true,"href":"https:\/\/imperiumjalisco.com\/index.php\/wp-json\/wp\/v2\/media\/10651"}],"wp:attachment":[{"href":"https:\/\/imperiumjalisco.com\/index.php\/wp-json\/wp\/v2\/media?parent=10650"}],"wp:term":[{"taxonomy":"product_brand","embeddable":true,"href":"https:\/\/imperiumjalisco.com\/index.php\/wp-json\/wp\/v2\/product_brand?post=10650"},{"taxonomy":"product_cat","embeddable":true,"href":"https:\/\/imperiumjalisco.com\/index.php\/wp-json\/wp\/v2\/product_cat?post=10650"},{"taxonomy":"product_tag","embeddable":true,"href":"https:\/\/imperiumjalisco.com\/index.php\/wp-json\/wp\/v2\/product_tag?post=10650"}],"curies":[{"name":"wp","href":"https:\/\/api.w.org\/{rel}","templated":true}]}}