{"id":10632,"date":"2025-02-24T20:44:15","date_gmt":"2025-02-24T20:44:15","guid":{"rendered":"https:\/\/emperjalisco.com\/?post_type=product&#038;p=10632"},"modified":"2025-12-18T19:26:40","modified_gmt":"2025-12-19T01:26:40","slug":"emper-perfume-phantom-my-hero-100-ml-edp","status":"publish","type":"product","link":"https:\/\/imperiumjalisco.com\/index.php\/product\/emper-perfume-phantom-my-hero-100-ml-edp\/","title":{"rendered":"Phantom My Hero Emper 100 ml"},"content":{"rendered":"","protected":false},"excerpt":{"rendered":"<p><span style=\"color: #33cccc;\">\u03a9<\/span> Envi\u00f3 gratis a partir de $1500 pesos<\/p>\n<p><span class=\"Y2IQFc\" lang=\"es\">Phantom perfume enigm\u00e1tico, un aroma que te envuelve con sus notas alicoradas, un aroma con una amplia selecci\u00f3n de granos de caf\u00e9 de primera calidad y esa sensaci\u00f3n gourmand que te da la ca\u00f1a de az\u00facar y el chocolate amargo se mezclan perfectamente con el s\u00e1ndalo d\u00e1ndote esa sensaci\u00f3n de poder y liderazgo.<\/span><\/p>\n<p><span class=\"Y2IQFc\" lang=\"es\">.<\/span><\/p>\n","protected":false},"featured_media":11277,"comment_status":"open","ping_status":"closed","template":"","meta":[],"product_brand":[],"product_cat":[298,300],"product_tag":[],"class_list":{"0":"post-10632","1":"product","2":"type-product","3":"status-publish","4":"has-post-thumbnail","6":"product_cat-caballero","7":"product_cat-imperium","9":"first","10":"instock","11":"sale","12":"shipping-taxable","13":"purchasable","14":"product-type-simple","15":"add-to-wishlist-after_add_to_cart"},"group_of_quantity":0,"min_quantity":0,"max_quantity":"","exclude_order_quantity_value_rules":"no","exclude_category_quantity_rules":"no","combine_variations":"no","_links":{"self":[{"href":"https:\/\/imperiumjalisco.com\/index.php\/wp-json\/wp\/v2\/product\/10632","targetHints":{"allow":["GET"]}}],"collection":[{"href":"https:\/\/imperiumjalisco.com\/index.php\/wp-json\/wp\/v2\/product"}],"about":[{"href":"https:\/\/imperiumjalisco.com\/index.php\/wp-json\/wp\/v2\/types\/product"}],"replies":[{"embeddable":true,"href":"https:\/\/imperiumjalisco.com\/index.php\/wp-json\/wp\/v2\/comments?post=10632"}],"wp:featuredmedia":[{"embeddable":true,"href":"https:\/\/imperiumjalisco.com\/index.php\/wp-json\/wp\/v2\/media\/11277"}],"wp:attachment":[{"href":"https:\/\/imperiumjalisco.com\/index.php\/wp-json\/wp\/v2\/media?parent=10632"}],"wp:term":[{"taxonomy":"product_brand","embeddable":true,"href":"https:\/\/imperiumjalisco.com\/index.php\/wp-json\/wp\/v2\/product_brand?post=10632"},{"taxonomy":"product_cat","embeddable":true,"href":"https:\/\/imperiumjalisco.com\/index.php\/wp-json\/wp\/v2\/product_cat?post=10632"},{"taxonomy":"product_tag","embeddable":true,"href":"https:\/\/imperiumjalisco.com\/index.php\/wp-json\/wp\/v2\/product_tag?post=10632"}],"curies":[{"name":"wp","href":"https:\/\/api.w.org\/{rel}","templated":true}]}}