{"id":10601,"date":"2025-02-24T18:32:01","date_gmt":"2025-02-24T18:32:01","guid":{"rendered":"https:\/\/emperjalisco.com\/?post_type=product&#038;p=10601"},"modified":"2025-12-09T16:48:13","modified_gmt":"2025-12-09T22:48:13","slug":"kamil-perfume-caballero-100-ml-emper","status":"publish","type":"product","link":"https:\/\/imperiumjalisco.com\/index.php\/product\/kamil-perfume-caballero-100-ml-emper\/","title":{"rendered":"Kamil Perfume Emper 100 ml"},"content":{"rendered":"","protected":false},"excerpt":{"rendered":"<p>\u03a9 Envio gratis a partir de $1500 pesos.<\/p>\n<p>Heavenly fragance art of kamil. Es una fragancia vers\u00e1til que se adapta a cualquier ocasi\u00f3n, dise\u00f1ada para quienes buscan una experiencia olfativa \u00fanica. fragancia elegante creada con absoluta elegancia y presencia se hace notar ante cualquier etapa del dia. dise\u00f1ada para los hombres con una personalidad sobria y elegante. Absolutamente magistral.<\/p>\n","protected":false},"featured_media":10603,"comment_status":"open","ping_status":"closed","template":"","meta":[],"product_brand":[],"product_cat":[298,300],"product_tag":[],"class_list":{"0":"post-10601","1":"product","2":"type-product","3":"status-publish","4":"has-post-thumbnail","6":"product_cat-caballero","7":"product_cat-imperium","9":"first","10":"instock","11":"sale","12":"shipping-taxable","13":"purchasable","14":"product-type-simple","15":"add-to-wishlist-after_add_to_cart"},"group_of_quantity":0,"min_quantity":0,"max_quantity":"","exclude_order_quantity_value_rules":"no","exclude_category_quantity_rules":"no","combine_variations":"no","_links":{"self":[{"href":"https:\/\/imperiumjalisco.com\/index.php\/wp-json\/wp\/v2\/product\/10601","targetHints":{"allow":["GET"]}}],"collection":[{"href":"https:\/\/imperiumjalisco.com\/index.php\/wp-json\/wp\/v2\/product"}],"about":[{"href":"https:\/\/imperiumjalisco.com\/index.php\/wp-json\/wp\/v2\/types\/product"}],"replies":[{"embeddable":true,"href":"https:\/\/imperiumjalisco.com\/index.php\/wp-json\/wp\/v2\/comments?post=10601"}],"wp:featuredmedia":[{"embeddable":true,"href":"https:\/\/imperiumjalisco.com\/index.php\/wp-json\/wp\/v2\/media\/10603"}],"wp:attachment":[{"href":"https:\/\/imperiumjalisco.com\/index.php\/wp-json\/wp\/v2\/media?parent=10601"}],"wp:term":[{"taxonomy":"product_brand","embeddable":true,"href":"https:\/\/imperiumjalisco.com\/index.php\/wp-json\/wp\/v2\/product_brand?post=10601"},{"taxonomy":"product_cat","embeddable":true,"href":"https:\/\/imperiumjalisco.com\/index.php\/wp-json\/wp\/v2\/product_cat?post=10601"},{"taxonomy":"product_tag","embeddable":true,"href":"https:\/\/imperiumjalisco.com\/index.php\/wp-json\/wp\/v2\/product_tag?post=10601"}],"curies":[{"name":"wp","href":"https:\/\/api.w.org\/{rel}","templated":true}]}}