{"id":7195,"date":"2023-12-21T08:45:36","date_gmt":"2023-12-21T01:45:36","guid":{"rendered":"https:\/\/emperjalisco.com\/?page_id=7195"},"modified":"2025-12-04T16:35:28","modified_gmt":"2025-12-04T22:35:28","slug":"about","status":"publish","type":"page","link":"https:\/\/imperiumjalisco.com\/index.php\/about\/","title":{"rendered":"About"},"content":{"rendered":"\t\t<div data-elementor-type=\"wp-page\" data-elementor-id=\"7195\" class=\"elementor elementor-7195\" data-elementor-post-type=\"page\">\n\t\t\t\t<div class=\"elementor-element elementor-element-593ef74 e-flex e-con-boxed e-con e-parent\" data-id=\"593ef74\" data-element_type=\"container\">\n\t\t\t\t\t<div class=\"e-con-inner\">\n\t\t\t\t<div class=\"elementor-element elementor-element-c668a16 elementor-widget__width-inherit elementor-widget elementor-widget-heading\" data-id=\"c668a16\" data-element_type=\"widget\" data-widget_type=\"heading.default\">\n\t\t\t\t<div class=\"elementor-widget-container\">\n\t\t\t\t\t<h2 class=\"elementor-heading-title elementor-size-default\">Bienvenido a IMPERIUM JALISCO<\/h2>\t\t\t\t<\/div>\n\t\t\t\t<\/div>\n\t\t\t\t<div class=\"elementor-element elementor-element-1fa5dde elementor-widget__width-inherit elementor-widget elementor-widget-text-editor\" data-id=\"1fa5dde\" data-element_type=\"widget\" data-widget_type=\"text-editor.default\">\n\t\t\t\t<div class=\"elementor-widget-container\">\n\t\t\t\t\t\t\t\t\t<p>IMPERIUM ofrece una gama de perfumes bellamente elaborados, creados con exquisito detalle y cuidadosamente fabricados hasta la perfecci\u00f3n. Nuestros productos est\u00e1n elaborados por perfumistas y dise\u00f1adores altamente calificados. La exquisita colecci\u00f3n de Emper habla de una elegancia discreta y una sofisticaci\u00f3n innegable. En los \u00faltimos a\u00f1os, hemos logrado excelentes cifras de ventas y ahora nuestros productos se pueden comprar a trav\u00e9s de nuestra red de agentes en todo el mundo.<\/p><p>Al invertir fuertemente en Investigaci\u00f3n y Desarrollo, podemos perseguir nuevas tendencias y preferencias del mercado. La experiencia de nuestro equipo altamente calificado de perfumistas y dise\u00f1adores nos permite crear obras de arte arom\u00e1ticas apreciadas por hombres y mujeres de todo el mundo.<\/p>\t\t\t\t\t\t\t\t<\/div>\n\t\t\t\t<\/div>\n\t\t<div class=\"elementor-element elementor-element-71f5f94b e-con-full e-flex e-con e-child\" data-id=\"71f5f94b\" data-element_type=\"container\">\n\t\t\t\t<div class=\"elementor-element elementor-element-628c48d9 elementor-widget-tablet_extra__width-initial elementor-widget-mobile__width-inherit elementor-widget elementor-widget-counter\" data-id=\"628c48d9\" data-element_type=\"widget\" data-widget_type=\"counter.default\">\n\t\t\t\t<div class=\"elementor-widget-container\">\n\t\t\t\t\t\t\t<div class=\"elementor-counter\">\n\t\t\t<div class=\"elementor-counter-title\">Lideres Globales<\/div>\t\t\t<div class=\"elementor-counter-number-wrapper\">\n\t\t\t\t<span class=\"elementor-counter-number-prefix\">N\u00ba<\/span>\n\t\t\t\t<span class=\"elementor-counter-number\" data-duration=\"2000\" data-to-value=\"1\" data-from-value=\"1\" data-delimiter=\",\">1<\/span>\n\t\t\t\t<span class=\"elementor-counter-number-suffix\"><\/span>\n\t\t\t<\/div>\n\t\t<\/div>\n\t\t\t\t\t\t<\/div>\n\t\t\t\t<\/div>\n\t\t\t\t<\/div>\n\t\t<div class=\"elementor-element elementor-element-4c76538a e-con-full e-flex e-con e-child\" data-id=\"4c76538a\" data-element_type=\"container\">\n\t\t\t\t<div class=\"elementor-element elementor-element-34e489e0 elementor-widget__width-initial elementor-widget-mobile__width-inherit elementor-widget elementor-widget-counter\" data-id=\"34e489e0\" data-element_type=\"widget\" data-widget_type=\"counter.default\">\n\t\t\t\t<div class=\"elementor-widget-container\">\n\t\t\t\t\t\t\t<div class=\"elementor-counter\">\n\t\t\t<div class=\"elementor-counter-title\">Productos genuinos<\/div>\t\t\t<div class=\"elementor-counter-number-wrapper\">\n\t\t\t\t<span class=\"elementor-counter-number-prefix\">%<\/span>\n\t\t\t\t<span class=\"elementor-counter-number\" data-duration=\"2000\" data-to-value=\"100\" data-from-value=\"0\" data-delimiter=\",\">0<\/span>\n\t\t\t\t<span class=\"elementor-counter-number-suffix\"><\/span>\n\t\t\t<\/div>\n\t\t<\/div>\n\t\t\t\t\t\t<\/div>\n\t\t\t\t<\/div>\n\t\t\t\t<\/div>\n\t\t<div class=\"elementor-element elementor-element-f1d1097 e-con-full e-flex e-con e-child\" data-id=\"f1d1097\" data-element_type=\"container\">\n\t\t\t\t<div class=\"elementor-element elementor-element-16347fc9 elementor-widget__width-initial elementor-widget-mobile__width-inherit elementor-widget elementor-widget-counter\" data-id=\"16347fc9\" data-element_type=\"widget\" data-widget_type=\"counter.default\">\n\t\t\t\t<div class=\"elementor-widget-container\">\n\t\t\t\t\t\t\t<div class=\"elementor-counter\">\n\t\t\t<div class=\"elementor-counter-title\">Alcance <\/div>\t\t\t<div class=\"elementor-counter-number-wrapper\">\n\t\t\t\t<span class=\"elementor-counter-number-prefix\">+<\/span>\n\t\t\t\t<span class=\"elementor-counter-number\" data-duration=\"2000\" data-to-value=\"120\" data-from-value=\"0\" data-delimiter=\",\">0<\/span>\n\t\t\t\t<span class=\"elementor-counter-number-suffix\">Paises<\/span>\n\t\t\t<\/div>\n\t\t<\/div>\n\t\t\t\t\t\t<\/div>\n\t\t\t\t<\/div>\n\t\t\t\t<\/div>\n\t\t<div class=\"elementor-element elementor-element-2be2dd37 e-con-full e-flex e-con e-child\" data-id=\"2be2dd37\" data-element_type=\"container\">\n\t\t\t\t<\/div>\n\t\t\t\t\t<\/div>\n\t\t\t\t<\/div>\n\t\t<div class=\"elementor-element elementor-element-fcd3362 e-flex e-con-boxed e-con e-parent\" data-id=\"fcd3362\" data-element_type=\"container\">\n\t\t\t\t\t<div class=\"e-con-inner\">\n\t\t<div class=\"elementor-element elementor-element-8d123fa e-flex e-con-boxed e-con e-child\" data-id=\"8d123fa\" data-element_type=\"container\">\n\t\t\t\t\t<div class=\"e-con-inner\">\n\t\t<div class=\"elementor-element elementor-element-f0e94c4 e-flex e-con-boxed e-con e-child\" data-id=\"f0e94c4\" data-element_type=\"container\">\n\t\t\t\t\t<div class=\"e-con-inner\">\n\t\t\t\t<div class=\"elementor-element elementor-element-5d8786d elementor-icon-list--layout-traditional elementor-list-item-link-full_width elementor-widget elementor-widget-icon-list\" data-id=\"5d8786d\" data-element_type=\"widget\" data-widget_type=\"icon-list.default\">\n\t\t\t\t<div class=\"elementor-widget-container\">\n\t\t\t\t\t\t\t<ul class=\"elementor-icon-list-items\">\n\t\t\t\t\t\t\t<li class=\"elementor-icon-list-item\">\n\t\t\t\t\t\t\t\t\t\t\t<span class=\"elementor-icon-list-icon\">\n\t\t\t\t\t\t\t<i aria-hidden=\"true\" class=\"icomoon-icon icon-mission\"><\/i>\t\t\t\t\t\t<\/span>\n\t\t\t\t\t\t\t\t\t\t<span class=\"elementor-icon-list-text\"><\/span>\n\t\t\t\t\t\t\t\t\t<\/li>\n\t\t\t\t\t\t<\/ul>\n\t\t\t\t\t\t<\/div>\n\t\t\t\t<\/div>\n\t\t<div class=\"elementor-element elementor-element-0189569 e-flex e-con-boxed e-con e-child\" data-id=\"0189569\" data-element_type=\"container\">\n\t\t\t\t\t<div class=\"e-con-inner\">\n\t\t\t\t<div class=\"elementor-element elementor-element-5dff156 elementor-widget elementor-widget-heading\" data-id=\"5dff156\" data-element_type=\"widget\" data-widget_type=\"heading.default\">\n\t\t\t\t<div class=\"elementor-widget-container\">\n\t\t\t\t\t<h2 class=\"elementor-heading-title elementor-size-default\">Nuestra Misi\u00f3n<\/h2>\t\t\t\t<\/div>\n\t\t\t\t<\/div>\n\t\t\t\t<div class=\"elementor-element elementor-element-ecc35ee elementor-widget__width-inherit elementor-widget elementor-widget-text-editor\" data-id=\"ecc35ee\" data-element_type=\"widget\" data-widget_type=\"text-editor.default\">\n\t\t\t\t<div class=\"elementor-widget-container\">\n\t\t\t\t\t\t\t\t\t<p>En\u00a0<strong><em>IMPERIUM <\/em><\/strong>creemos que cada perfume tiene el poder de evocar recuerdos, emociones y sensaciones \u00fanicas. Por eso nos dedicamos a ofrecerte las mejores opciones en perfumer\u00eda, para que puedas encontrar la fragancia perfecta que refleje tu personalidad y estilo. \u00a1Gracias por visitar <em><strong>IMPERIUM JALISCO<\/strong><\/em> y confiar en nosotros para encontrar tu perfume ideal! \u00a1Esperamos que disfrutes de tu experiencia de compra con nosotros!<\/p>\t\t\t\t\t\t\t\t<\/div>\n\t\t\t\t<\/div>\n\t\t\t\t\t<\/div>\n\t\t\t\t<\/div>\n\t\t\t\t\t<\/div>\n\t\t\t\t<\/div>\n\t\t<div class=\"elementor-element elementor-element-0499eba e-flex e-con-boxed e-con e-child\" data-id=\"0499eba\" data-element_type=\"container\">\n\t\t\t\t\t<div class=\"e-con-inner\">\n\t\t\t\t<div class=\"elementor-element elementor-element-2cf85be elementor-widget elementor-widget-image\" data-id=\"2cf85be\" data-element_type=\"widget\" data-widget_type=\"image.default\">\n\t\t\t\t<div class=\"elementor-widget-container\">\n\t\t\t\t\t\t\t\t\t\t\t\t\t\t\t<img fetchpriority=\"high\" decoding=\"async\" width=\"1806\" height=\"1324\" src=\"https:\/\/imperiumjalisco.com\/wp-content\/uploads\/2025\/12\/Captura-de-pantalla-2025-12-02-a-las-4.00.11-p.m.png\" class=\"attachment-full size-full wp-image-11771 wvs-archive-product-image\" alt=\"\" srcset=\"https:\/\/imperiumjalisco.com\/wp-content\/uploads\/2025\/12\/Captura-de-pantalla-2025-12-02-a-las-4.00.11-p.m.png 1806w, https:\/\/imperiumjalisco.com\/wp-content\/uploads\/2025\/12\/Captura-de-pantalla-2025-12-02-a-las-4.00.11-p.m-300x220.png 300w, https:\/\/imperiumjalisco.com\/wp-content\/uploads\/2025\/12\/Captura-de-pantalla-2025-12-02-a-las-4.00.11-p.m-1024x751.png 1024w, https:\/\/imperiumjalisco.com\/wp-content\/uploads\/2025\/12\/Captura-de-pantalla-2025-12-02-a-las-4.00.11-p.m-768x563.png 768w, https:\/\/imperiumjalisco.com\/wp-content\/uploads\/2025\/12\/Captura-de-pantalla-2025-12-02-a-las-4.00.11-p.m-1536x1126.png 1536w, https:\/\/imperiumjalisco.com\/wp-content\/uploads\/2025\/12\/Captura-de-pantalla-2025-12-02-a-las-4.00.11-p.m-16x12.png 16w, https:\/\/imperiumjalisco.com\/wp-content\/uploads\/2025\/12\/Captura-de-pantalla-2025-12-02-a-las-4.00.11-p.m-700x513.png 700w, https:\/\/imperiumjalisco.com\/wp-content\/uploads\/2025\/12\/Captura-de-pantalla-2025-12-02-a-las-4.00.11-p.m-1300x953.png 1300w\" sizes=\"(max-width: 1806px) 100vw, 1806px\" \/>\t\t\t\t\t\t\t\t\t\t\t\t\t\t\t<\/div>\n\t\t\t\t<\/div>\n\t\t\t\t\t<\/div>\n\t\t\t\t<\/div>\n\t\t\t\t\t<\/div>\n\t\t\t\t<\/div>\n\t\t\t\t\t<\/div>\n\t\t\t\t<\/div>\n\t\t<div class=\"elementor-element elementor-element-309967c0 e-flex e-con-boxed e-con e-parent\" data-id=\"309967c0\" data-element_type=\"container\">\n\t\t\t\t\t<div class=\"e-con-inner\">\n\t\t\t\t<div class=\"elementor-element elementor-element-650cdb69 elementor-widget__width-initial elementor-widget elementor-widget-heading\" data-id=\"650cdb69\" data-element_type=\"widget\" data-widget_type=\"heading.default\">\n\t\t\t\t<div class=\"elementor-widget-container\">\n\t\t\t\t\t<h3 class=\"elementor-heading-title elementor-size-default\">\u00a1Gracias por visitar IMPERIUM JALISCO y confiar en nosotros para encontrar tu perfume ideal! <\/h3>\t\t\t\t<\/div>\n\t\t\t\t<\/div>\n\t\t\t\t<div class=\"elementor-element elementor-element-73fd4b50 elementor-widget elementor-widget-spacer\" data-id=\"73fd4b50\" data-element_type=\"widget\" data-widget_type=\"spacer.default\">\n\t\t\t\t<div class=\"elementor-widget-container\">\n\t\t\t\t\t\t\t<div class=\"elementor-spacer\">\n\t\t\t<div class=\"elementor-spacer-inner\"><\/div>\n\t\t<\/div>\n\t\t\t\t\t\t<\/div>\n\t\t\t\t<\/div>\n\t\t<div class=\"elementor-element elementor-element-491b226b iconbox-opacity-eff e-flex e-con-boxed e-con e-child\" data-id=\"491b226b\" data-element_type=\"container\">\n\t\t\t\t\t<div class=\"e-con-inner\">\n\t\t\t\t<div class=\"elementor-element elementor-element-2bc829d6 elementor-widget-mobile__width-initial elementor-view-default elementor-position-top elementor-mobile-position-top elementor-widget elementor-widget-icon-box\" data-id=\"2bc829d6\" data-element_type=\"widget\" data-widget_type=\"icon-box.default\">\n\t\t\t\t<div class=\"elementor-widget-container\">\n\t\t\t\t\t\t\t<div class=\"elementor-icon-box-wrapper\">\n\n\t\t\t\t\t\t<div class=\"elementor-icon-box-icon\">\n\t\t\t\t<span  class=\"elementor-icon\">\n\t\t\t\t<i aria-hidden=\"true\" class=\"icomoon-icon icon-delivery\"><\/i>\t\t\t\t<\/span>\n\t\t\t<\/div>\n\t\t\t\n\t\t\t\t\t\t<div class=\"elementor-icon-box-content\">\n\n\t\t\t\t\t\t\t\t\t<div class=\"elementor-icon-box-title\">\n\t\t\t\t\t\t<span  >\n\t\t\t\t\t\t\tENVIO A TODO MX\t\t\t\t\t\t<\/span>\n\t\t\t\t\t<\/div>\n\t\t\t\t\n\t\t\t\t\t\t\t\t\t<p class=\"elementor-icon-box-description\">\n\t\t\t\t\t\tGasto de envio $150\t\t\t\t\t<\/p>\n\t\t\t\t\n\t\t\t<\/div>\n\t\t\t\n\t\t<\/div>\n\t\t\t\t\t\t<\/div>\n\t\t\t\t<\/div>\n\t\t\t\t<div class=\"elementor-element elementor-element-6f26db7d elementor-widget-mobile__width-initial elementor-view-default elementor-position-top elementor-mobile-position-top elementor-widget elementor-widget-icon-box\" data-id=\"6f26db7d\" data-element_type=\"widget\" data-widget_type=\"icon-box.default\">\n\t\t\t\t<div class=\"elementor-widget-container\">\n\t\t\t\t\t\t\t<div class=\"elementor-icon-box-wrapper\">\n\n\t\t\t\t\t\t<div class=\"elementor-icon-box-icon\">\n\t\t\t\t<span  class=\"elementor-icon\">\n\t\t\t\t<i aria-hidden=\"true\" class=\"icomoon-icon icon-clock\"><\/i>\t\t\t\t<\/span>\n\t\t\t<\/div>\n\t\t\t\n\t\t\t\t\t\t<div class=\"elementor-icon-box-content\">\n\n\t\t\t\t\t\t\t\t\t<div class=\"elementor-icon-box-title\">\n\t\t\t\t\t\t<span  >\n\t\t\t\t\t\t\tS\u00f3porte \t\t\t\t\t\t<\/span>\n\t\t\t\t\t<\/div>\n\t\t\t\t\n\t\t\t\t\t\t\t\t\t<p class=\"elementor-icon-box-description\">\n\t\t\t\t\t\tAtenci\u00f3n Personalizada\t\t\t\t\t<\/p>\n\t\t\t\t\n\t\t\t<\/div>\n\t\t\t\n\t\t<\/div>\n\t\t\t\t\t\t<\/div>\n\t\t\t\t<\/div>\n\t\t\t\t<div class=\"elementor-element elementor-element-ed1de4d elementor-widget-mobile__width-initial elementor-view-default elementor-position-top elementor-mobile-position-top elementor-widget elementor-widget-icon-box\" data-id=\"ed1de4d\" data-element_type=\"widget\" data-widget_type=\"icon-box.default\">\n\t\t\t\t<div class=\"elementor-widget-container\">\n\t\t\t\t\t\t\t<div class=\"elementor-icon-box-wrapper\">\n\n\t\t\t\t\t\t<div class=\"elementor-icon-box-icon\">\n\t\t\t\t<span  class=\"elementor-icon\">\n\t\t\t\t<i aria-hidden=\"true\" class=\"icomoon-icon icon-discount-2\"><\/i>\t\t\t\t<\/span>\n\t\t\t<\/div>\n\t\t\t\n\t\t\t\t\t\t<div class=\"elementor-icon-box-content\">\n\n\t\t\t\t\t\t\t\t\t<div class=\"elementor-icon-box-title\">\n\t\t\t\t\t\t<span  >\n\t\t\t\t\t\t\tENVIO GRATIS\t\t\t\t\t\t<\/span>\n\t\t\t\t\t<\/div>\n\t\t\t\t\n\t\t\t\t\t\t\t\t\t<p class=\"elementor-icon-box-description\">\n\t\t\t\t\t\tEn compras mayores a $1500\t\t\t\t\t<\/p>\n\t\t\t\t\n\t\t\t<\/div>\n\t\t\t\n\t\t<\/div>\n\t\t\t\t\t\t<\/div>\n\t\t\t\t<\/div>\n\t\t\t\t<div class=\"elementor-element elementor-element-387d2e0b elementor-widget-mobile__width-initial elementor-view-default elementor-position-top elementor-mobile-position-top elementor-widget elementor-widget-icon-box\" data-id=\"387d2e0b\" data-element_type=\"widget\" data-widget_type=\"icon-box.default\">\n\t\t\t\t<div class=\"elementor-widget-container\">\n\t\t\t\t\t\t\t<div class=\"elementor-icon-box-wrapper\">\n\n\t\t\t\t\t\t<div class=\"elementor-icon-box-icon\">\n\t\t\t\t<span  class=\"elementor-icon\">\n\t\t\t\t<i aria-hidden=\"true\" class=\"icomoon-icon icon-like\"><\/i>\t\t\t\t<\/span>\n\t\t\t<\/div>\n\t\t\t\n\t\t\t\t\t\t<div class=\"elementor-icon-box-content\">\n\n\t\t\t\t\t\t\t\t\t<div class=\"elementor-icon-box-title\">\n\t\t\t\t\t\t<span  >\n\t\t\t\t\t\t\tSatisfacci\u00f3n\t\t\t\t\t\t<\/span>\n\t\t\t\t\t<\/div>\n\t\t\t\t\n\t\t\t\t\t\t\t\t\t<p class=\"elementor-icon-box-description\">\n\t\t\t\t\t\tProductos Inovadores\t\t\t\t\t<\/p>\n\t\t\t\t\n\t\t\t<\/div>\n\t\t\t\n\t\t<\/div>\n\t\t\t\t\t\t<\/div>\n\t\t\t\t<\/div>\n\t\t\t\t\t<\/div>\n\t\t\t\t<\/div>\n\t\t\t\t\t<\/div>\n\t\t\t\t<\/div>\n\t\t<div class=\"elementor-element elementor-element-d4cc891 e-con-full e-flex e-con e-parent\" data-id=\"d4cc891\" data-element_type=\"container\">\n\t\t\t\t<div class=\"elementor-element elementor-element-4e7962c elementor-widget elementor-widget-image\" data-id=\"4e7962c\" data-element_type=\"widget\" data-widget_type=\"image.default\">\n\t\t\t\t<div class=\"elementor-widget-container\">\n\t\t\t\t\t\t\t\t\t\t\t\t\t\t\t<img decoding=\"async\" width=\"1024\" height=\"712\" src=\"https:\/\/imperiumjalisco.com\/wp-content\/uploads\/2025\/12\/imperiumlogo-plata-1024x712.png\" class=\"attachment-large size-large wp-image-11842 wvs-archive-product-image\" alt=\"\" srcset=\"https:\/\/imperiumjalisco.com\/wp-content\/uploads\/2025\/12\/imperiumlogo-plata-1024x712.png 1024w, https:\/\/imperiumjalisco.com\/wp-content\/uploads\/2025\/12\/imperiumlogo-plata-300x209.png 300w, https:\/\/imperiumjalisco.com\/wp-content\/uploads\/2025\/12\/imperiumlogo-plata-768x534.png 768w, https:\/\/imperiumjalisco.com\/wp-content\/uploads\/2025\/12\/imperiumlogo-plata-1536x1068.png 1536w, https:\/\/imperiumjalisco.com\/wp-content\/uploads\/2025\/12\/imperiumlogo-plata-2048x1424.png 2048w, https:\/\/imperiumjalisco.com\/wp-content\/uploads\/2025\/12\/imperiumlogo-plata-18x12.png 18w, https:\/\/imperiumjalisco.com\/wp-content\/uploads\/2025\/12\/imperiumlogo-plata-700x487.png 700w, https:\/\/imperiumjalisco.com\/wp-content\/uploads\/2025\/12\/imperiumlogo-plata-1300x904.png 1300w\" sizes=\"(max-width: 1024px) 100vw, 1024px\" \/>\t\t\t\t\t\t\t\t\t\t\t\t\t\t\t<\/div>\n\t\t\t\t<\/div>\n\t\t\t\t<div class=\"elementor-element elementor-element-ef20e7b elementor-widget-divider--view-line elementor-widget elementor-widget-divider\" data-id=\"ef20e7b\" data-element_type=\"widget\" data-widget_type=\"divider.default\">\n\t\t\t\t<div class=\"elementor-widget-container\">\n\t\t\t\t\t\t\t<div class=\"elementor-divider\">\n\t\t\t<span class=\"elementor-divider-separator\">\n\t\t\t\t\t\t<\/span>\n\t\t<\/div>\n\t\t\t\t\t\t<\/div>\n\t\t\t\t<\/div>\n\t\t\t\t<\/div>\n\t\t\t\t<\/div>\n\t\t","protected":false},"excerpt":{"rendered":"<p>Bienvenido a IMPERIUM JALISCO IMPERIUM ofrece una gama de perfumes bellamente elaborados, creados con exquisito detalle y cuidadosamente fabricados hasta la perfecci\u00f3n. Nuestros productos est\u00e1n elaborados por perfumistas y dise\u00f1adores altamente calificados. La exquisita colecci\u00f3n de Emper habla de una elegancia discreta y una sofisticaci\u00f3n innegable. En los \u00faltimos a\u00f1os, hemos logrado excelentes cifras de [&hellip;]<\/p>\n","protected":false},"author":1,"featured_media":0,"parent":0,"menu_order":0,"comment_status":"closed","ping_status":"closed","template":"","meta":{"footnotes":""},"class_list":["post-7195","page","type-page","status-publish","hentry"],"_links":{"self":[{"href":"https:\/\/imperiumjalisco.com\/index.php\/wp-json\/wp\/v2\/pages\/7195","targetHints":{"allow":["GET"]}}],"collection":[{"href":"https:\/\/imperiumjalisco.com\/index.php\/wp-json\/wp\/v2\/pages"}],"about":[{"href":"https:\/\/imperiumjalisco.com\/index.php\/wp-json\/wp\/v2\/types\/page"}],"author":[{"embeddable":true,"href":"https:\/\/imperiumjalisco.com\/index.php\/wp-json\/wp\/v2\/users\/1"}],"replies":[{"embeddable":true,"href":"https:\/\/imperiumjalisco.com\/index.php\/wp-json\/wp\/v2\/comments?post=7195"}],"version-history":[{"count":52,"href":"https:\/\/imperiumjalisco.com\/index.php\/wp-json\/wp\/v2\/pages\/7195\/revisions"}],"predecessor-version":[{"id":11845,"href":"https:\/\/imperiumjalisco.com\/index.php\/wp-json\/wp\/v2\/pages\/7195\/revisions\/11845"}],"wp:attachment":[{"href":"https:\/\/imperiumjalisco.com\/index.php\/wp-json\/wp\/v2\/media?parent=7195"}],"curies":[{"name":"wp","href":"https:\/\/api.w.org\/{rel}","templated":true}]}}