{"id":11125,"date":"2025-03-20T22:14:19","date_gmt":"2025-03-20T22:14:19","guid":{"rendered":"https:\/\/emperjalisco.com\/?page_id=11125"},"modified":"2025-12-04T16:42:57","modified_gmt":"2025-12-04T22:42:57","slug":"terminos-y-conficiones","status":"publish","type":"page","link":"https:\/\/imperiumjalisco.com\/index.php\/terminos-y-conficiones\/","title":{"rendered":"Terminos y Condiciones"},"content":{"rendered":"\t\t<div data-elementor-type=\"wp-page\" data-elementor-id=\"11125\" class=\"elementor elementor-11125\" data-elementor-post-type=\"page\">\n\t\t\t\t<div class=\"elementor-element elementor-element-d195f31 e-flex e-con-boxed e-con e-parent\" data-id=\"d195f31\" data-element_type=\"container\">\n\t\t\t\t\t<div class=\"e-con-inner\">\n\t\t<div class=\"elementor-element elementor-element-599233d e-con-full e-flex e-con e-child\" data-id=\"599233d\" data-element_type=\"container\">\n\t\t\t\t<\/div>\n\t\t<div class=\"elementor-element elementor-element-e9b4f4c e-con-full e-flex e-con e-child\" data-id=\"e9b4f4c\" data-element_type=\"container\">\n\t\t\t\t<div class=\"elementor-element elementor-element-4213bfc elementor-widget elementor-widget-heading\" data-id=\"4213bfc\" data-element_type=\"widget\" data-widget_type=\"heading.default\">\n\t\t\t\t<div class=\"elementor-widget-container\">\n\t\t\t\t\t<h1 class=\"elementor-heading-title elementor-size-default\">Terminos y Condiciones\n<\/h1>\t\t\t\t<\/div>\n\t\t\t\t<\/div>\n\t\t\t\t<div class=\"elementor-element elementor-element-84eafe6 elementor-widget elementor-widget-text-editor\" data-id=\"84eafe6\" data-element_type=\"widget\" data-widget_type=\"text-editor.default\">\n\t\t\t\t<div class=\"elementor-widget-container\">\n\t\t\t\t\t\t\t\t\t<h1 class=\"page-title\">\u00a0<\/h1><div class=\"rte\"><p>1. Imperium Jalisco es una empresa legalmente constituida, dedicada a la venta y distribuci\u00f3n de perfumer\u00eda importada 100% original.\u00a0<\/p><p>2. Imperium Jalisco no interviene de manera alguna en la composici\u00f3n de la f\u00f3rmula de los productos, la presentaci\u00f3n o el dise\u00f1o de los empaques, ya que solamente comercializa los productos.<\/p><p>3. Para realizar una compra, el cliente deber\u00e1 ingresar su pedido a trav\u00e9s de la p\u00e1gina web, especificando los productos deseados.\u00a0<\/p><p>4. Los precios que ofrece Imperium Jalisco est\u00e1n sujetos a cambios sin previo aviso. As\u00ed mismo, es responsabilidad del cliente revisar los precios antes de realizar un pago pues no se aceptan cambios ni devoluciones a excepci\u00f3n de los casos en los que el producto presente defectos de calidad en su contenido o en el atomizador. Se tiene un plazo de 24 horas, despu\u00e9s de recibido el paquete, para notificar cualquier incidente con el producto.\u00a0<\/p><p>5. Los datos personales de los clientes solo ser\u00e1n utilizados por Imperium Jalisco \u00fanicamente para los fines de la comercializaci\u00f3n del producto absteni\u00e9ndose de utilizarlos para cualquier otro efecto.<\/p><p>6. Emper Jalisco realiza sus env\u00edos s\u00f3lo en d\u00edas h\u00e1biles, de lunes a viernes sin contar d\u00edas festivos o los d\u00edas en que por causas de fuerza mayor o ajenas a la empresa, deban ser suspendidas las operaciones. Imperium Jalisco no interfiere en las pol\u00edticas de operaci\u00f3n de la empresa de env\u00edos, por lo que no tiene ni tendr\u00e1 responsabilidad alguna en la falla de cumplimiento de garant\u00edas o entregas en los tiempos establecidos por dicha empresa.<\/p><p><strong><span style=\"color: #ff0000;\">IMPORTANTE:<\/span> Realizamos tus envios de 1 a 3 d\u00edas h\u00e1biles despu\u00e9s de confirmar el pago.<\/strong><\/p><p><strong>CDMX y \u00c1rea Metropolitana la paqueter\u00eda tiene entre 1 y 5 d\u00edas h\u00e1biles para entrega.<\/strong><\/p><p><strong>En el resto de la Rep\u00fablica mexicana de 3 a 10 d\u00edas h\u00e1biles.<\/strong><\/p><\/div><h5><span style=\"color: #ff0000;\"><strong>NO SE REALIZAN ENVIOS S\u00c1BADOS-DOMINGOS-D\u00cdAS FESTIVOS<\/strong><\/span><\/h5>\t\t\t\t\t\t\t\t<\/div>\n\t\t\t\t<\/div>\n\t\t\t\t<\/div>\n\t\t<div class=\"elementor-element elementor-element-c3d46ae e-con-full e-flex e-con e-child\" data-id=\"c3d46ae\" data-element_type=\"container\">\n\t\t\t\t<\/div>\n\t\t\t\t\t<\/div>\n\t\t\t\t<\/div>\n\t\t<div class=\"elementor-element elementor-element-1251f9d6 e-con-full e-flex e-con e-parent\" data-id=\"1251f9d6\" data-element_type=\"container\">\n\t\t\t\t<div class=\"elementor-element elementor-element-4890e5d6 elementor-widget-divider--view-line elementor-widget elementor-widget-divider\" data-id=\"4890e5d6\" data-element_type=\"widget\" data-widget_type=\"divider.default\">\n\t\t\t\t<div class=\"elementor-widget-container\">\n\t\t\t\t\t\t\t<div class=\"elementor-divider\">\n\t\t\t<span class=\"elementor-divider-separator\">\n\t\t\t\t\t\t<\/span>\n\t\t<\/div>\n\t\t\t\t\t\t<\/div>\n\t\t\t\t<\/div>\n\t\t\t\t<\/div>\n\t\t\t\t<\/div>\n\t\t","protected":false},"excerpt":{"rendered":"<p>Terminos y Condiciones \u00a0 1. Imperium Jalisco es una empresa legalmente constituida, dedicada a la venta y distribuci\u00f3n de perfumer\u00eda importada 100% original.\u00a0 2. Imperium Jalisco no interviene de manera alguna en la composici\u00f3n de la f\u00f3rmula de los productos, la presentaci\u00f3n o el dise\u00f1o de los empaques, ya que solamente comercializa los productos. 3. [&hellip;]<\/p>\n","protected":false},"author":1,"featured_media":0,"parent":0,"menu_order":0,"comment_status":"closed","ping_status":"closed","template":"","meta":{"footnotes":""},"class_list":["post-11125","page","type-page","status-publish","hentry"],"_links":{"self":[{"href":"https:\/\/imperiumjalisco.com\/index.php\/wp-json\/wp\/v2\/pages\/11125","targetHints":{"allow":["GET"]}}],"collection":[{"href":"https:\/\/imperiumjalisco.com\/index.php\/wp-json\/wp\/v2\/pages"}],"about":[{"href":"https:\/\/imperiumjalisco.com\/index.php\/wp-json\/wp\/v2\/types\/page"}],"author":[{"embeddable":true,"href":"https:\/\/imperiumjalisco.com\/index.php\/wp-json\/wp\/v2\/users\/1"}],"replies":[{"embeddable":true,"href":"https:\/\/imperiumjalisco.com\/index.php\/wp-json\/wp\/v2\/comments?post=11125"}],"version-history":[{"count":32,"href":"https:\/\/imperiumjalisco.com\/index.php\/wp-json\/wp\/v2\/pages\/11125\/revisions"}],"predecessor-version":[{"id":11854,"href":"https:\/\/imperiumjalisco.com\/index.php\/wp-json\/wp\/v2\/pages\/11125\/revisions\/11854"}],"wp:attachment":[{"href":"https:\/\/imperiumjalisco.com\/index.php\/wp-json\/wp\/v2\/media?parent=11125"}],"curies":[{"name":"wp","href":"https:\/\/api.w.org\/{rel}","templated":true}]}}