{"id":10787,"date":"2025-02-26T19:57:34","date_gmt":"2025-02-26T19:57:34","guid":{"rendered":"https:\/\/emperjalisco.com\/?page_id=10787"},"modified":"2025-12-09T12:10:39","modified_gmt":"2025-12-09T18:10:39","slug":"al-fares","status":"publish","type":"page","link":"https:\/\/imperiumjalisco.com\/index.php\/al-fares\/","title":{"rendered":"Al Fares"},"content":{"rendered":"\t\t<div data-elementor-type=\"wp-page\" data-elementor-id=\"10787\" class=\"elementor elementor-10787\" data-elementor-post-type=\"page\">\n\t\t\t\t<div class=\"elementor-element elementor-element-1840718a e-flex e-con-boxed e-con e-parent\" data-id=\"1840718a\" data-element_type=\"container\">\n\t\t\t\t\t<div class=\"e-con-inner\">\n\t\t\t\t<div class=\"elementor-element elementor-element-5719ae5c elementor-widget elementor-widget-text-editor\" data-id=\"5719ae5c\" data-element_type=\"widget\" data-widget_type=\"text-editor.default\">\n\t\t\t\t<div class=\"elementor-widget-container\"><div class=\"taxonomy-product_cat wp-block-post-terms\"><a href=\"https:\/\/imperiumjalisco.com\/index.php\/product-category\/al-fares\/\" rel=\"tag\">Al Fares<\/a><span class=\"wp-block-post-terms__separator\">, <\/span><a href=\"https:\/\/imperiumjalisco.com\/index.php\/product-category\/caballero\/\" rel=\"tag\">Caballero<\/a><span class=\"wp-block-post-terms__separator\">, <\/span><a href=\"https:\/\/imperiumjalisco.com\/index.php\/product-category\/imperium\/\" rel=\"tag\">IMPERIUM<\/a><\/div><p><\/p><\/div>\n\t\t\t\t<\/div>\n\t\t\t\t\t<\/div>\n\t\t\t\t<\/div>\n\t\t<div class=\"elementor-element elementor-element-0001dca e-flex e-con-boxed e-con e-parent\" data-id=\"0001dca\" data-element_type=\"container\" data-settings=\"{&quot;background_background&quot;:&quot;slideshow&quot;,&quot;background_slideshow_gallery&quot;:[{&quot;id&quot;:10740,&quot;url&quot;:&quot;https:\\\/\\\/imperiumjalisco.com\\\/wp-content\\\/uploads\\\/2025\\\/02\\\/emperjaliscoportada.png&quot;}],&quot;background_slideshow_loop&quot;:&quot;yes&quot;,&quot;background_slideshow_slide_duration&quot;:5000,&quot;background_slideshow_slide_transition&quot;:&quot;fade&quot;,&quot;background_slideshow_transition_duration&quot;:500}\">\n\t\t\t\t\t<div class=\"e-con-inner\">\n\t\t\t\t<div class=\"elementor-element elementor-element-4d87b42 elementor-widget elementor-widget-image\" data-id=\"4d87b42\" data-element_type=\"widget\" data-widget_type=\"image.default\">\n\t\t\t\t<div class=\"elementor-widget-container\">\n\t\t\t\t\t\t\t\t\t\t\t\t\t\t\t<img fetchpriority=\"high\" decoding=\"async\" width=\"1920\" height=\"478\" src=\"https:\/\/imperiumjalisco.com\/wp-content\/uploads\/2025\/12\/impportada.png\" class=\"attachment-full size-full wp-image-11802 wvs-archive-product-image\" alt=\"\" srcset=\"https:\/\/imperiumjalisco.com\/wp-content\/uploads\/2025\/12\/impportada.png 1920w, https:\/\/imperiumjalisco.com\/wp-content\/uploads\/2025\/12\/impportada-300x75.png 300w, https:\/\/imperiumjalisco.com\/wp-content\/uploads\/2025\/12\/impportada-1024x255.png 1024w, https:\/\/imperiumjalisco.com\/wp-content\/uploads\/2025\/12\/impportada-768x191.png 768w, https:\/\/imperiumjalisco.com\/wp-content\/uploads\/2025\/12\/impportada-1536x382.png 1536w, https:\/\/imperiumjalisco.com\/wp-content\/uploads\/2025\/12\/impportada-18x4.png 18w, https:\/\/imperiumjalisco.com\/wp-content\/uploads\/2025\/12\/impportada-700x174.png 700w, https:\/\/imperiumjalisco.com\/wp-content\/uploads\/2025\/12\/impportada-1300x324.png 1300w\" sizes=\"(max-width: 1920px) 100vw, 1920px\" \/>\t\t\t\t\t\t\t\t\t\t\t\t\t\t\t<\/div>\n\t\t\t\t<\/div>\n\t\t\t\t\t<\/div>\n\t\t\t\t<\/div>\n\t\t<div class=\"elementor-element elementor-element-7e44276 e-flex e-con-boxed e-con e-parent\" data-id=\"7e44276\" data-element_type=\"container\">\n\t\t\t\t\t<div class=\"e-con-inner\">\n\t\t\t\t<div class=\"elementor-element elementor-element-2a29e5a elementor-widget elementor-widget-ts-products\" data-id=\"2a29e5a\" data-element_type=\"widget\" data-widget_type=\"ts-products.default\">\n\t\t\t\t<div class=\"elementor-widget-container\">\n\t\t\t\t\t\t\t<div class=\"ts-product-wrapper ts-shortcode ts-product woocommerce columns-5 recent grid has-shop-more-button\" style=\"--ts-columns: 5\" >\n\t\t\n\t\t\t\t\t\t<header class=\"shortcode-heading-wrapper\">\n\t\t\t\t\t\t\t\t\n\t\t\t\t\t\t\t\t<div class=\"shop-more\">\n\t\t\t\t\t<a class=\"shop-more-button\" >Ver m\u00e1s<\/a>\n\t\t\t\t<\/div>\n\t\t\t\t\t\t\t<\/header>\n\t\t\t\t\t\t\t\n\t\t\t<div class=\"content-wrapper \">\n\t\t\t\n\t\t\t\t<div class=\"products\">\r\n\r\n<section class=\"product add-to-wishlist-after_add_to_cart type-product post-11645 status-publish first instock product_cat-al-fares product_cat-caballero has-post-thumbnail sale shipping-taxable purchasable product-type-simple\" data-product_id=\"11645\">\r\n\t<div class=\"product-wrapper\">\r\n\t\t\t\r\n\t\t<div class=\"thumbnail-wrapper\">\r\n\t\t\t<a href=\"https:\/\/imperiumjalisco.com\/index.php\/product\/khayal-al-fares-perfume-100-ml\/\">\r\n\t\t\t\t<figure class=\"no-back-image\"><img decoding=\"async\" src=\"https:\/\/imperiumjalisco.com\/wp-content\/themes\/merto\/images\/prod_loading.gif\" data-src=\"https:\/\/imperiumjalisco.com\/wp-content\/uploads\/2025\/07\/KhayalAlFaris-scaled-1-300x300.jpg\" class=\"attachment-shop_catalog wp-post-image ts-lazy-load\" alt=\"\" width=\"300\" height=\"300\" \/><\/figure>\t\t\t<\/a>\r\n\t\t\t\t\t<div class=\"product-label\">\n\t<span class=\"onsale percent\"><span>-38%<\/span><\/span>\t<\/div>\n\t<div class=\"product-group-button\"><div class=\"button-in wishlist\">\n<div\n\tclass=\"yith-wcwl-add-to-wishlist add-to-wishlist-11645 yith-wcwl-add-to-wishlist--link-style wishlist-fragment on-first-load\"\n\tdata-fragment-ref=\"11645\"\n\tdata-fragment-options=\"{&quot;base_url&quot;:&quot;&quot;,&quot;product_id&quot;:11645,&quot;parent_product_id&quot;:0,&quot;product_type&quot;:&quot;simple&quot;,&quot;is_single&quot;:false,&quot;in_default_wishlist&quot;:false,&quot;show_view&quot;:false,&quot;browse_wishlist_text&quot;:&quot;Echar un vistazo a la lista de deseos&quot;,&quot;already_in_wishslist_text&quot;:&quot;\\u00a1El producto ya est\\u00e1 en tu lista de deseos!&quot;,&quot;product_added_text&quot;:&quot;\\u00a1Producto a\\u00f1adido!&quot;,&quot;available_multi_wishlist&quot;:false,&quot;disable_wishlist&quot;:false,&quot;show_count&quot;:false,&quot;ajax_loading&quot;:false,&quot;loop_position&quot;:&quot;after_add_to_cart&quot;,&quot;item&quot;:&quot;add_to_wishlist&quot;}\"\n>\n\t\t\t\n\t\t\t<!-- ADD TO WISHLIST -->\n\t\t\t\n<div class=\"yith-wcwl-add-button\">\n\t\t<a\n\t\thref=\"?add_to_wishlist=11645&#038;_wpnonce=061d33eb6c\"\n\t\tclass=\"add_to_wishlist single_add_to_wishlist\"\n\t\tdata-product-id=\"11645\"\n\t\tdata-product-type=\"simple\"\n\t\tdata-original-product-id=\"0\"\n\t\tdata-title=\"&lt;span class=&quot;ts-tooltip button-tooltip&quot; data-title=&quot;Add to wishlist&quot;&gt;Wishlist&lt;\/span&gt;\"\n\t\trel=\"nofollow\"\n\t>\n\t\t\t\t<span><span class=\"ts-tooltip button-tooltip\" data-title=\"Add to wishlist\">Wishlist<\/span><\/span>\n\t<\/a>\n<\/div>\n\n\t\t\t<!-- COUNT TEXT -->\n\t\t\t\n\t\t\t<\/div>\n<\/div><div class=\"button-in compare\"><a class=\"compare\" href=\"https:\/\/imperiumjalisco.com?action=yith-woocompare-add-product&#038;id=11645\" data-product_id=\"11645\"><span class=\"ts-tooltip button-tooltip\" data-title=\"Add to compare\">Comparar<\/span><\/a><\/div><div class=\"button-in quickshop\"><a class=\"quickshop\" href=\"#\" data-product_id=\"11645\"><span class=\"ts-tooltip button-tooltip\">Quick View<\/span><\/a><\/div><div class=\"loop-add-to-cart\"><a href=\"?add-to-cart=11645\" data-quantity=\"1\" class=\"button product_type_simple add_to_cart_button ajax_add_to_cart\" data-product_id=\"11645\" data-product_sku=\"\" aria-label=\"A\u00f1adir al Carrito\" rel=\"nofollow\" data-success_message=\"&ldquo;Khayal Al Fares Perfume 100 ml&rdquo; has been added to your cart\"><span class=\"ts-tooltip button-tooltip\">A\u00f1adir al carrito<\/span><\/a><\/div><\/div>\t\t<\/div>\r\n\t\t<div class=\"meta-wrapper\">\r\n\t\t\t<h3 class=\"heading-title product-name\"><a href=\"https:\/\/imperiumjalisco.com\/index.php\/product\/khayal-al-fares-perfume-100-ml\/\">Khayal Al Fares Perfume 100 ml<\/a><\/h3>\n\t<span class=\"price\"><del aria-hidden=\"true\"><span class=\"woocommerce-Price-amount amount\"><bdi><span class=\"woocommerce-Price-currencySymbol\">&#36;<\/span>890.00<\/bdi><\/span><\/del> <span class=\"screen-reader-text\">Precio original<\/span><ins aria-hidden=\"true\"><span class=\"woocommerce-Price-amount amount\"><bdi><span class=\"woocommerce-Price-currencySymbol\">&#36;<\/span>550.00<\/bdi><\/span><\/ins><span class=\"screen-reader-text\">Precio actual<\/span><\/span>\n\t\t<\/div>\r\n\t\t<div class=\"meta-wrapper meta-wrapper-2\">\r\n\t\t\t<div class=\"product-group-button-meta\"><div class=\"loop-add-to-cart\"><a href=\"?add-to-cart=11645\" data-quantity=\"1\" class=\"button product_type_simple add_to_cart_button ajax_add_to_cart\" data-product_id=\"11645\" data-product_sku=\"\" aria-label=\"A\u00f1adir al Carrito\" rel=\"nofollow\" data-success_message=\"&ldquo;Khayal Al Fares Perfume 100 ml&rdquo; has been added to your cart\"><span class=\"ts-tooltip button-tooltip\">A\u00f1adir al carrito<\/span><\/a><\/div><div class=\"button-in compare\"><a class=\"compare\" href=\"https:\/\/imperiumjalisco.com?action=yith-woocompare-add-product&#038;id=11645\" data-product_id=\"11645\"><span class=\"ts-tooltip button-tooltip\" data-title=\"Add to compare\">Comparar<\/span><\/a><\/div><div class=\"button-in quickshop\"><a class=\"quickshop\" href=\"#\" data-product_id=\"11645\"><span class=\"ts-tooltip button-tooltip\">Quick View<\/span><\/a><\/div><div class=\"button-in wishlist\">\n<div\n\tclass=\"yith-wcwl-add-to-wishlist add-to-wishlist-11645 yith-wcwl-add-to-wishlist--link-style wishlist-fragment on-first-load\"\n\tdata-fragment-ref=\"11645\"\n\tdata-fragment-options=\"{&quot;base_url&quot;:&quot;&quot;,&quot;product_id&quot;:11645,&quot;parent_product_id&quot;:0,&quot;product_type&quot;:&quot;simple&quot;,&quot;is_single&quot;:false,&quot;in_default_wishlist&quot;:false,&quot;show_view&quot;:false,&quot;browse_wishlist_text&quot;:&quot;Echar un vistazo a la lista de deseos&quot;,&quot;already_in_wishslist_text&quot;:&quot;\\u00a1El producto ya est\\u00e1 en tu lista de deseos!&quot;,&quot;product_added_text&quot;:&quot;\\u00a1Producto a\\u00f1adido!&quot;,&quot;available_multi_wishlist&quot;:false,&quot;disable_wishlist&quot;:false,&quot;show_count&quot;:false,&quot;ajax_loading&quot;:false,&quot;loop_position&quot;:&quot;after_add_to_cart&quot;,&quot;item&quot;:&quot;add_to_wishlist&quot;}\"\n>\n\t\t\t\n\t\t\t<!-- ADD TO WISHLIST -->\n\t\t\t\n<div class=\"yith-wcwl-add-button\">\n\t\t<a\n\t\thref=\"?add_to_wishlist=11645&#038;_wpnonce=061d33eb6c\"\n\t\tclass=\"add_to_wishlist single_add_to_wishlist\"\n\t\tdata-product-id=\"11645\"\n\t\tdata-product-type=\"simple\"\n\t\tdata-original-product-id=\"0\"\n\t\tdata-title=\"&lt;span class=&quot;ts-tooltip button-tooltip&quot; data-title=&quot;Add to wishlist&quot;&gt;Wishlist&lt;\/span&gt;\"\n\t\trel=\"nofollow\"\n\t>\n\t\t\t\t<span><span class=\"ts-tooltip button-tooltip\" data-title=\"Add to wishlist\">Wishlist<\/span><\/span>\n\t<\/a>\n<\/div>\n\n\t\t\t<!-- COUNT TEXT -->\n\t\t\t\n\t\t\t<\/div>\n<\/div><\/div>\t\t<\/div>\r\n\t<\/div>\r\n<\/section>\r\n<section class=\"product add-to-wishlist-after_add_to_cart type-product post-10978 status-publish instock product_cat-al-fares product_cat-caballero product_cat-imperium has-post-thumbnail sale shipping-taxable purchasable product-type-simple\" data-product_id=\"10978\">\r\n\t<div class=\"product-wrapper\">\r\n\t\t\t\r\n\t\t<div class=\"thumbnail-wrapper\">\r\n\t\t\t<a href=\"https:\/\/imperiumjalisco.com\/index.php\/product\/qalbi-blue-heart-perfume-caballero-100-ml-al-fares\/\">\r\n\t\t\t\t<figure class=\"no-back-image\"><img decoding=\"async\" src=\"https:\/\/imperiumjalisco.com\/wp-content\/themes\/merto\/images\/prod_loading.gif\" data-src=\"https:\/\/imperiumjalisco.com\/wp-content\/uploads\/2025\/03\/qalbi-blue.jpg-scaled-1-300x300.webp\" class=\"attachment-shop_catalog wp-post-image ts-lazy-load\" alt=\"\" width=\"300\" height=\"300\" \/><\/figure>\t\t\t<\/a>\r\n\t\t\t\t\t<div class=\"product-label\">\n\t<span class=\"onsale percent\"><span>-40%<\/span><\/span>\t<\/div>\n\t<div class=\"product-group-button\"><div class=\"button-in wishlist\">\n<div\n\tclass=\"yith-wcwl-add-to-wishlist add-to-wishlist-10978 yith-wcwl-add-to-wishlist--link-style wishlist-fragment on-first-load\"\n\tdata-fragment-ref=\"10978\"\n\tdata-fragment-options=\"{&quot;base_url&quot;:&quot;&quot;,&quot;product_id&quot;:10978,&quot;parent_product_id&quot;:0,&quot;product_type&quot;:&quot;simple&quot;,&quot;is_single&quot;:false,&quot;in_default_wishlist&quot;:false,&quot;show_view&quot;:false,&quot;browse_wishlist_text&quot;:&quot;Echar un vistazo a la lista de deseos&quot;,&quot;already_in_wishslist_text&quot;:&quot;\\u00a1El producto ya est\\u00e1 en tu lista de deseos!&quot;,&quot;product_added_text&quot;:&quot;\\u00a1Producto a\\u00f1adido!&quot;,&quot;available_multi_wishlist&quot;:false,&quot;disable_wishlist&quot;:false,&quot;show_count&quot;:false,&quot;ajax_loading&quot;:false,&quot;loop_position&quot;:&quot;after_add_to_cart&quot;,&quot;item&quot;:&quot;add_to_wishlist&quot;}\"\n>\n\t\t\t\n\t\t\t<!-- ADD TO WISHLIST -->\n\t\t\t\n<div class=\"yith-wcwl-add-button\">\n\t\t<a\n\t\thref=\"?add_to_wishlist=10978&#038;_wpnonce=061d33eb6c\"\n\t\tclass=\"add_to_wishlist single_add_to_wishlist\"\n\t\tdata-product-id=\"10978\"\n\t\tdata-product-type=\"simple\"\n\t\tdata-original-product-id=\"0\"\n\t\tdata-title=\"&lt;span class=&quot;ts-tooltip button-tooltip&quot; data-title=&quot;Add to wishlist&quot;&gt;Wishlist&lt;\/span&gt;\"\n\t\trel=\"nofollow\"\n\t>\n\t\t\t\t<span><span class=\"ts-tooltip button-tooltip\" data-title=\"Add to wishlist\">Wishlist<\/span><\/span>\n\t<\/a>\n<\/div>\n\n\t\t\t<!-- COUNT TEXT -->\n\t\t\t\n\t\t\t<\/div>\n<\/div><div class=\"button-in compare\"><a class=\"compare\" href=\"https:\/\/imperiumjalisco.com?action=yith-woocompare-add-product&#038;id=10978\" data-product_id=\"10978\"><span class=\"ts-tooltip button-tooltip\" data-title=\"Add to compare\">Comparar<\/span><\/a><\/div><div class=\"button-in quickshop\"><a class=\"quickshop\" href=\"#\" data-product_id=\"10978\"><span class=\"ts-tooltip button-tooltip\">Quick View<\/span><\/a><\/div><div class=\"loop-add-to-cart\"><a href=\"?add-to-cart=10978\" data-quantity=\"1\" class=\"button product_type_simple add_to_cart_button ajax_add_to_cart\" data-product_id=\"10978\" data-product_sku=\"\" aria-label=\"A\u00f1adir al Carrito\" rel=\"nofollow\" data-success_message=\"&ldquo;Qalbi Blue Heart Perfume Caballero 100 ml Al Fares&rdquo; has been added to your cart\"><span class=\"ts-tooltip button-tooltip\">A\u00f1adir al carrito<\/span><\/a><\/div><\/div>\t\t<\/div>\r\n\t\t<div class=\"meta-wrapper\">\r\n\t\t\t<h3 class=\"heading-title product-name\"><a href=\"https:\/\/imperiumjalisco.com\/index.php\/product\/qalbi-blue-heart-perfume-caballero-100-ml-al-fares\/\">Qalbi Blue Heart Perfume Caballero 100 ml Al Fares<\/a><\/h3>\n\t<span class=\"price\"><del aria-hidden=\"true\"><span class=\"woocommerce-Price-amount amount\"><bdi><span class=\"woocommerce-Price-currencySymbol\">&#36;<\/span>990.00<\/bdi><\/span><\/del> <span class=\"screen-reader-text\">Precio original<\/span><ins aria-hidden=\"true\"><span class=\"woocommerce-Price-amount amount\"><bdi><span class=\"woocommerce-Price-currencySymbol\">&#36;<\/span>590.00<\/bdi><\/span><\/ins><span class=\"screen-reader-text\">Precio actual<\/span><\/span>\n\t\t<\/div>\r\n\t\t<div class=\"meta-wrapper meta-wrapper-2\">\r\n\t\t\t<div class=\"product-group-button-meta\"><div class=\"loop-add-to-cart\"><a href=\"?add-to-cart=10978\" data-quantity=\"1\" class=\"button product_type_simple add_to_cart_button ajax_add_to_cart\" data-product_id=\"10978\" data-product_sku=\"\" aria-label=\"A\u00f1adir al Carrito\" rel=\"nofollow\" data-success_message=\"&ldquo;Qalbi Blue Heart Perfume Caballero 100 ml Al Fares&rdquo; has been added to your cart\"><span class=\"ts-tooltip button-tooltip\">A\u00f1adir al carrito<\/span><\/a><\/div><div class=\"button-in compare\"><a class=\"compare\" href=\"https:\/\/imperiumjalisco.com?action=yith-woocompare-add-product&#038;id=10978\" data-product_id=\"10978\"><span class=\"ts-tooltip button-tooltip\" data-title=\"Add to compare\">Comparar<\/span><\/a><\/div><div class=\"button-in quickshop\"><a class=\"quickshop\" href=\"#\" data-product_id=\"10978\"><span class=\"ts-tooltip button-tooltip\">Quick View<\/span><\/a><\/div><div class=\"button-in wishlist\">\n<div\n\tclass=\"yith-wcwl-add-to-wishlist add-to-wishlist-10978 yith-wcwl-add-to-wishlist--link-style wishlist-fragment on-first-load\"\n\tdata-fragment-ref=\"10978\"\n\tdata-fragment-options=\"{&quot;base_url&quot;:&quot;&quot;,&quot;product_id&quot;:10978,&quot;parent_product_id&quot;:0,&quot;product_type&quot;:&quot;simple&quot;,&quot;is_single&quot;:false,&quot;in_default_wishlist&quot;:false,&quot;show_view&quot;:false,&quot;browse_wishlist_text&quot;:&quot;Echar un vistazo a la lista de deseos&quot;,&quot;already_in_wishslist_text&quot;:&quot;\\u00a1El producto ya est\\u00e1 en tu lista de deseos!&quot;,&quot;product_added_text&quot;:&quot;\\u00a1Producto a\\u00f1adido!&quot;,&quot;available_multi_wishlist&quot;:false,&quot;disable_wishlist&quot;:false,&quot;show_count&quot;:false,&quot;ajax_loading&quot;:false,&quot;loop_position&quot;:&quot;after_add_to_cart&quot;,&quot;item&quot;:&quot;add_to_wishlist&quot;}\"\n>\n\t\t\t\n\t\t\t<!-- ADD TO WISHLIST -->\n\t\t\t\n<div class=\"yith-wcwl-add-button\">\n\t\t<a\n\t\thref=\"?add_to_wishlist=10978&#038;_wpnonce=061d33eb6c\"\n\t\tclass=\"add_to_wishlist single_add_to_wishlist\"\n\t\tdata-product-id=\"10978\"\n\t\tdata-product-type=\"simple\"\n\t\tdata-original-product-id=\"0\"\n\t\tdata-title=\"&lt;span class=&quot;ts-tooltip button-tooltip&quot; data-title=&quot;Add to wishlist&quot;&gt;Wishlist&lt;\/span&gt;\"\n\t\trel=\"nofollow\"\n\t>\n\t\t\t\t<span><span class=\"ts-tooltip button-tooltip\" data-title=\"Add to wishlist\">Wishlist<\/span><\/span>\n\t<\/a>\n<\/div>\n\n\t\t\t<!-- COUNT TEXT -->\n\t\t\t\n\t\t\t<\/div>\n<\/div><\/div>\t\t<\/div>\r\n\t<\/div>\r\n<\/section><\/div>\t\t\t\t\n\t\t\t<\/div>\n\n\t\t<\/div>\n\t\t\t\t\t\t<\/div>\n\t\t\t\t<\/div>\n\t\t\t\t\t<\/div>\n\t\t\t\t<\/div>\n\t\t<div class=\"elementor-element elementor-element-7b58ae8 e-flex e-con-boxed e-con e-parent\" data-id=\"7b58ae8\" data-element_type=\"container\">\n\t\t\t\t\t<div class=\"e-con-inner\">\n\t\t<div class=\"elementor-element elementor-element-4113d58 e-con-full e-flex e-con e-child\" data-id=\"4113d58\" data-element_type=\"container\">\n\t\t<div class=\"elementor-element elementor-element-3115ad1 e-con-full e-flex e-con e-child\" data-id=\"3115ad1\" data-element_type=\"container\">\n\t\t\t\t<div class=\"elementor-element elementor-element-de0e8d5 elementor-widget elementor-widget-ts-product-categories\" data-id=\"de0e8d5\" data-element_type=\"widget\" data-widget_type=\"ts-product-categories.default\">\n\t\t\t\t<div class=\"elementor-widget-container\">\n\t\t\t\t\t\t\t\t<div class=\"ts-elementor-lazy-load type-product-category\">\n\t\t\t\t\t\t\t\n\t\t\t\t<div class=\"placeholder-items columns-8 is-slider style-default\" style=\"--lazy-cols: 8\">\n\t\t\t\t\t\t\t\t\t<div class=\"placeholder-item\">\n\t\t\t\t\t\t<div class=\"placeholder-thumb\"><\/div>\n\t\t\t\t\t\t\t\t\t\t\t\t\t<div class=\"placeholder-title\"><\/div>\n\t\t\t\t\t\t\t\t\t\t\t\t\t\t\t\t\t\t<\/div>\n\t\t\t\t\t\t\t\t\t<div class=\"placeholder-item\">\n\t\t\t\t\t\t<div class=\"placeholder-thumb\"><\/div>\n\t\t\t\t\t\t\t\t\t\t\t\t\t<div class=\"placeholder-title\"><\/div>\n\t\t\t\t\t\t\t\t\t\t\t\t\t\t\t\t\t\t<\/div>\n\t\t\t\t\t\t\t\t\t<div class=\"placeholder-item\">\n\t\t\t\t\t\t<div class=\"placeholder-thumb\"><\/div>\n\t\t\t\t\t\t\t\t\t\t\t\t\t<div class=\"placeholder-title\"><\/div>\n\t\t\t\t\t\t\t\t\t\t\t\t\t\t\t\t\t\t<\/div>\n\t\t\t\t\t\t\t\t\t<div class=\"placeholder-item\">\n\t\t\t\t\t\t<div class=\"placeholder-thumb\"><\/div>\n\t\t\t\t\t\t\t\t\t\t\t\t\t<div class=\"placeholder-title\"><\/div>\n\t\t\t\t\t\t\t\t\t\t\t\t\t\t\t\t\t\t<\/div>\n\t\t\t\t\t\t\t\t\t<div class=\"placeholder-item\">\n\t\t\t\t\t\t<div class=\"placeholder-thumb\"><\/div>\n\t\t\t\t\t\t\t\t\t\t\t\t\t<div class=\"placeholder-title\"><\/div>\n\t\t\t\t\t\t\t\t\t\t\t\t\t\t\t\t\t\t<\/div>\n\t\t\t\t\t\t\t\t\t<div class=\"placeholder-item\">\n\t\t\t\t\t\t<div class=\"placeholder-thumb\"><\/div>\n\t\t\t\t\t\t\t\t\t\t\t\t\t<div class=\"placeholder-title\"><\/div>\n\t\t\t\t\t\t\t\t\t\t\t\t\t\t\t\t\t\t<\/div>\n\t\t\t\t\t\t\t\t\t<div class=\"placeholder-item\">\n\t\t\t\t\t\t<div class=\"placeholder-thumb\"><\/div>\n\t\t\t\t\t\t\t\t\t\t\t\t\t<div class=\"placeholder-title\"><\/div>\n\t\t\t\t\t\t\t\t\t\t\t\t\t\t\t\t\t\t<\/div>\n\t\t\t\t\t\t\t\t\t<div class=\"placeholder-item\">\n\t\t\t\t\t\t<div class=\"placeholder-thumb\"><\/div>\n\t\t\t\t\t\t\t\t\t\t\t\t\t<div class=\"placeholder-title\"><\/div>\n\t\t\t\t\t\t\t\t\t\t\t\t\t\t\t\t\t\t<\/div>\n\t\t\t\t\t\t\t\t<\/div>\n\t\t\t<\/div>\n\t\t\t\t\t\t\t<\/div>\n\t\t\t\t<\/div>\n\t\t\t\t<\/div>\n\t\t\t\t<\/div>\n\t\t\t\t\t<\/div>\n\t\t\t\t<\/div>\t\t<\/div>\n\t\t","protected":false},"excerpt":{"rendered":"<p>Ver m\u00e1s -22% Lista de deseos CompararVista r\u00e1pidaA\u00f1adir al carrito Khayal Al Fares Perfume 100 ml &#36;890.00 El precio original era: &#036;890.00.&#36;690.00El precio actual es: &#036;690.00. A\u00f1adir al carritoCompararVista r\u00e1pida Lista de deseos -30% Lista de deseos CompararVista r\u00e1pidaA\u00f1adir al carrito Qalbi Blue Heart Perfume Caballero 100 ml Al Fares &#36;990.00 El precio original era: [&hellip;]<\/p>\n","protected":false},"author":1,"featured_media":0,"parent":0,"menu_order":0,"comment_status":"closed","ping_status":"closed","template":"","meta":{"footnotes":""},"class_list":["post-10787","page","type-page","status-publish","hentry"],"_links":{"self":[{"href":"https:\/\/imperiumjalisco.com\/index.php\/wp-json\/wp\/v2\/pages\/10787","targetHints":{"allow":["GET"]}}],"collection":[{"href":"https:\/\/imperiumjalisco.com\/index.php\/wp-json\/wp\/v2\/pages"}],"about":[{"href":"https:\/\/imperiumjalisco.com\/index.php\/wp-json\/wp\/v2\/types\/page"}],"author":[{"embeddable":true,"href":"https:\/\/imperiumjalisco.com\/index.php\/wp-json\/wp\/v2\/users\/1"}],"replies":[{"embeddable":true,"href":"https:\/\/imperiumjalisco.com\/index.php\/wp-json\/wp\/v2\/comments?post=10787"}],"version-history":[{"count":7,"href":"https:\/\/imperiumjalisco.com\/index.php\/wp-json\/wp\/v2\/pages\/10787\/revisions"}],"predecessor-version":[{"id":11952,"href":"https:\/\/imperiumjalisco.com\/index.php\/wp-json\/wp\/v2\/pages\/10787\/revisions\/11952"}],"wp:attachment":[{"href":"https:\/\/imperiumjalisco.com\/index.php\/wp-json\/wp\/v2\/media?parent=10787"}],"curies":[{"name":"wp","href":"https:\/\/api.w.org\/{rel}","templated":true}]}}